{"id":253,"date":"2020-06-02T14:53:02","date_gmt":"2020-06-02T17:53:02","guid":{"rendered":"http:\/\/www.quimica.ufpr.br\/paginas\/gpmin\/?page_id=253"},"modified":"2020-09-10T16:45:47","modified_gmt":"2020-09-10T19:45:47","slug":"construcao-de-dispositivos-eletroquimicos","status":"publish","type":"page","link":"http:\/\/www.quimica.ufpr.br\/paginas\/gpmin\/linhas-de-pesquisa\/construcao-de-dispositivos-eletroquimicos\/","title":{"rendered":"Constru\u00e7\u00e3o de Dispositivos Eletroqu\u00edmicos"},"content":{"rendered":"<p><img fetchpriority=\"high\" decoding=\"async\" class=\"alignnone wp-image-256 \" style=\"float: right;margin: 20px;margin-top: 0\" src=\"http:\/\/www.quimica.ufpr.br\/paginas\/gpmin\/wp-content\/uploads\/sites\/11\/2020\/06\/anotacao-2020-06-02-145131.png\" alt=\"Dispositivos eletroativos\" width=\"507\" height=\"294\" srcset=\"http:\/\/www.quimica.ufpr.br\/paginas\/gpmin\/wp-content\/uploads\/sites\/11\/2020\/06\/anotacao-2020-06-02-145131.png 745w, http:\/\/www.quimica.ufpr.br\/paginas\/gpmin\/wp-content\/uploads\/sites\/11\/2020\/06\/anotacao-2020-06-02-145131-300x174.png 300w\" sizes=\"(max-width: 507px) 100vw, 507px\" \/><\/p>\n<p style=\"text-align: justify\">Desenvolvimento e caracteriza\u00e7\u00e3o de dispositivos de armazenamento de energia flex\u00edveis e\/ou em estado s\u00f3lido baseados em nanomateriais eletroativos, como compostos inorg\u00e2nicos (\u00f3xidos e hidr\u00f3xidos met\u00e1licos) e\/ou org\u00e2nicos (pol\u00edmeros condutores). Separadores associados a diferentes estados f\u00edsico-qu\u00edmicos de matrizes eletrol\u00edticas (utilizando solu\u00e7\u00f5es aquosa e\/ou g\u00e9is) tamb\u00e9m s\u00e3o desenvolvidos. Esta linha de pesquisa abrange desde a concep\u00e7\u00e3o do design de eletrodos at\u00e9 a constru\u00e7\u00e3o e scale-up do dispositivo.\u200b<\/p>\n<hr \/>\n<p><img decoding=\"async\" class=\"wp-image-225 alignleft\" src=\"http:\/\/www.quimica.ufpr.br\/paginas\/gpmin\/wp-content\/uploads\/sites\/11\/2020\/04\/logo-gpmin-1-300x128.png\" alt=\"\" width=\"194\" height=\"83\" srcset=\"http:\/\/www.quimica.ufpr.br\/paginas\/gpmin\/wp-content\/uploads\/sites\/11\/2020\/04\/logo-gpmin-1-300x128.png 300w, http:\/\/www.quimica.ufpr.br\/paginas\/gpmin\/wp-content\/uploads\/sites\/11\/2020\/04\/logo-gpmin-1-768x328.png 768w, http:\/\/www.quimica.ufpr.br\/paginas\/gpmin\/wp-content\/uploads\/sites\/11\/2020\/04\/logo-gpmin-1.png 809w\" sizes=\"(max-width: 194px) 100vw, 194px\" \/><\/p>\n","protected":false},"excerpt":{"rendered":"<p>Desenvolvimento e caracteriza\u00e7\u00e3o de dispositivos de armazenamento de energia flex\u00edveis e\/ou em estado s\u00f3lido baseados em nanomateriais eletroativos, como compostos inorg\u00e2nicos (\u00f3xidos e hidr\u00f3xidos met\u00e1licos) e\/ou org\u00e2nicos (pol\u00edmeros condutores). Separadores associados a diferentes estados f\u00edsico-qu\u00edmicos de matrizes eletrol\u00edticas (utilizando solu\u00e7\u00f5es aquosa e\/ou g\u00e9is) tamb\u00e9m s\u00e3o desenvolvidos. Esta linha de pesquisa abrange desde a concep\u00e7\u00e3o do [&hellip;]<\/p>\n","protected":false},"author":17,"featured_media":0,"parent":163,"menu_order":0,"comment_status":"closed","ping_status":"closed","template":"","meta":{"footnotes":""},"class_list":["post-253","page","type-page","status-publish","hentry"],"_links":{"self":[{"href":"http:\/\/www.quimica.ufpr.br\/paginas\/gpmin\/wp-json\/wp\/v2\/pages\/253","targetHints":{"allow":["GET"]}}],"collection":[{"href":"http:\/\/www.quimica.ufpr.br\/paginas\/gpmin\/wp-json\/wp\/v2\/pages"}],"about":[{"href":"http:\/\/www.quimica.ufpr.br\/paginas\/gpmin\/wp-json\/wp\/v2\/types\/page"}],"author":[{"embeddable":true,"href":"http:\/\/www.quimica.ufpr.br\/paginas\/gpmin\/wp-json\/wp\/v2\/users\/17"}],"replies":[{"embeddable":true,"href":"http:\/\/www.quimica.ufpr.br\/paginas\/gpmin\/wp-json\/wp\/v2\/comments?post=253"}],"version-history":[{"count":5,"href":"http:\/\/www.quimica.ufpr.br\/paginas\/gpmin\/wp-json\/wp\/v2\/pages\/253\/revisions"}],"predecessor-version":[{"id":648,"href":"http:\/\/www.quimica.ufpr.br\/paginas\/gpmin\/wp-json\/wp\/v2\/pages\/253\/revisions\/648"}],"up":[{"embeddable":true,"href":"http:\/\/www.quimica.ufpr.br\/paginas\/gpmin\/wp-json\/wp\/v2\/pages\/163"}],"wp:attachment":[{"href":"http:\/\/www.quimica.ufpr.br\/paginas\/gpmin\/wp-json\/wp\/v2\/media?parent=253"}],"curies":[{"name":"wp","href":"https:\/\/api.w.org\/{rel}","templated":true}]}}