{"id":207,"date":"2020-04-04T23:18:32","date_gmt":"2020-04-05T02:18:32","guid":{"rendered":"http:\/\/www.quimica.ufpr.br\/paginas\/gpmin\/?page_id=207"},"modified":"2020-09-10T16:45:49","modified_gmt":"2020-09-10T19:45:49","slug":"capsulas-estimulos-responsivas","status":"publish","type":"page","link":"http:\/\/www.quimica.ufpr.br\/paginas\/gpmin\/linhas-de-pesquisa\/capsulas-estimulos-responsivas\/","title":{"rendered":"C\u00e1psulas Est\u00edmulos-Responsivas"},"content":{"rendered":"<p><img fetchpriority=\"high\" decoding=\"async\" class=\"wp-image-241 alignnone\" style=\"float: right;margin: 20px;margin-top: 0\" src=\"http:\/\/www.quimica.ufpr.br\/paginas\/gpmin\/wp-content\/uploads\/sites\/11\/2020\/04\/linhas-capsulas.jpg\" alt=\"C\u00c1PSULAS EST\u00cdMULO-RESPONSIVAS\" width=\"527\" height=\"233\" srcset=\"http:\/\/www.quimica.ufpr.br\/paginas\/gpmin\/wp-content\/uploads\/sites\/11\/2020\/04\/linhas-capsulas.jpg 867w, http:\/\/www.quimica.ufpr.br\/paginas\/gpmin\/wp-content\/uploads\/sites\/11\/2020\/04\/linhas-capsulas-300x133.jpg 300w, http:\/\/www.quimica.ufpr.br\/paginas\/gpmin\/wp-content\/uploads\/sites\/11\/2020\/04\/linhas-capsulas-768x339.jpg 768w\" sizes=\"(max-width: 527px) 100vw, 527px\" \/><\/p>\n<p style=\"text-align: justify\">C\u00e1psulas est\u00edmulo-responsivas s\u00e3o compostas por um material de parede capaz de mudar suas propriedades em resposta \u00e0 est\u00edmulos externos, como mudan\u00e7a de pH, temperatura ou potencial. Desta forma, o material de parede sofre uma mudan\u00e7a de conforma\u00e7\u00e3o que resulta na libera\u00e7\u00e3o de agentes ativos encapsulados, no local e momento desejados.<\/p>\n<p style=\"text-align: justify\">As aplica\u00e7\u00f5es abrangem diversos setores, desde a produ\u00e7\u00e3o de revestimentos inteligentes para prote\u00e7\u00e3o \u00e0 corros\u00e3o at\u00e9 o transporte de mol\u00e9culas org\u00e2nicas e libera\u00e7\u00e3o controlada de medicamentos. Desta forma, o objetivo do Grupo \u00e9 a s\u00edntese, o estudo das propriedades f\u00edsico-qu\u00edmicas e os mecanismos de libera\u00e7\u00e3o dos componentes ativos encapsulados.<\/p>\n<hr \/>\n<p><img decoding=\"async\" class=\"wp-image-225 alignleft\" src=\"http:\/\/www.quimica.ufpr.br\/paginas\/gpmin\/wp-content\/uploads\/sites\/11\/2020\/04\/logo-gpmin-1-300x128.png\" alt=\"\" width=\"194\" height=\"83\" srcset=\"http:\/\/www.quimica.ufpr.br\/paginas\/gpmin\/wp-content\/uploads\/sites\/11\/2020\/04\/logo-gpmin-1-300x128.png 300w, http:\/\/www.quimica.ufpr.br\/paginas\/gpmin\/wp-content\/uploads\/sites\/11\/2020\/04\/logo-gpmin-1-768x328.png 768w, http:\/\/www.quimica.ufpr.br\/paginas\/gpmin\/wp-content\/uploads\/sites\/11\/2020\/04\/logo-gpmin-1.png 809w\" sizes=\"(max-width: 194px) 100vw, 194px\" \/><\/p>\n","protected":false},"excerpt":{"rendered":"<p>C\u00e1psulas est\u00edmulo-responsivas s\u00e3o compostas por um material de parede capaz de mudar suas propriedades em resposta \u00e0 est\u00edmulos externos, como mudan\u00e7a de pH, temperatura ou potencial. Desta forma, o material de parede sofre uma mudan\u00e7a de conforma\u00e7\u00e3o que resulta na libera\u00e7\u00e3o de agentes ativos encapsulados, no local e momento desejados. As aplica\u00e7\u00f5es abrangem diversos setores, [&hellip;]<\/p>\n","protected":false},"author":17,"featured_media":0,"parent":163,"menu_order":0,"comment_status":"closed","ping_status":"closed","template":"","meta":{"footnotes":""},"class_list":["post-207","page","type-page","status-publish","hentry"],"_links":{"self":[{"href":"http:\/\/www.quimica.ufpr.br\/paginas\/gpmin\/wp-json\/wp\/v2\/pages\/207","targetHints":{"allow":["GET"]}}],"collection":[{"href":"http:\/\/www.quimica.ufpr.br\/paginas\/gpmin\/wp-json\/wp\/v2\/pages"}],"about":[{"href":"http:\/\/www.quimica.ufpr.br\/paginas\/gpmin\/wp-json\/wp\/v2\/types\/page"}],"author":[{"embeddable":true,"href":"http:\/\/www.quimica.ufpr.br\/paginas\/gpmin\/wp-json\/wp\/v2\/users\/17"}],"replies":[{"embeddable":true,"href":"http:\/\/www.quimica.ufpr.br\/paginas\/gpmin\/wp-json\/wp\/v2\/comments?post=207"}],"version-history":[{"count":6,"href":"http:\/\/www.quimica.ufpr.br\/paginas\/gpmin\/wp-json\/wp\/v2\/pages\/207\/revisions"}],"predecessor-version":[{"id":647,"href":"http:\/\/www.quimica.ufpr.br\/paginas\/gpmin\/wp-json\/wp\/v2\/pages\/207\/revisions\/647"}],"up":[{"embeddable":true,"href":"http:\/\/www.quimica.ufpr.br\/paginas\/gpmin\/wp-json\/wp\/v2\/pages\/163"}],"wp:attachment":[{"href":"http:\/\/www.quimica.ufpr.br\/paginas\/gpmin\/wp-json\/wp\/v2\/media?parent=207"}],"curies":[{"name":"wp","href":"https:\/\/api.w.org\/{rel}","templated":true}]}}