{"id":170,"date":"2018-10-05T16:42:15","date_gmt":"2018-10-05T19:42:15","guid":{"rendered":"http:\/\/www.quimica.ufpr.br\/paginas\/gpmin\/?page_id=170"},"modified":"2020-11-05T20:31:36","modified_gmt":"2020-11-05T23:31:36","slug":"publicacoes","status":"publish","type":"page","link":"http:\/\/www.quimica.ufpr.br\/paginas\/gpmin\/producoes\/publicacoes\/","title":{"rendered":"Publica\u00e7\u00f5es"},"content":{"rendered":"<div id=\"pl-170\"  class=\"panel-layout\" ><div id=\"pg-170-0\"  class=\"panel-grid panel-no-style\" ><div id=\"pgc-170-0-0\"  class=\"panel-grid-cell\" ><div id=\"panel-170-0-0-0\" class=\"so-panel widget widget_sow-editor panel-first-child panel-last-child\" data-index=\"0\" ><div\n\t\t\t\n\t\t\tclass=\"so-widget-sow-editor so-widget-sow-editor-base\"\n\t\t\t\n\t\t>\n<div class=\"siteorigin-widget-tinymce textwidget\">\n\t<p>Aqui voc\u00ea poder\u00e1 encontrar todas as publica\u00e7\u00f5es do grupo, separadas pelo Prof. Dr. Marcio Vidotti e pela Prof\u00aa Dr\u00aa Izabel C. R. Vidotti, bastando clicar na foto de cada um para ver as publica\u00e7\u00f5es. Al\u00e9m disso voc\u00ea pode consultar as publica\u00e7\u00f5es dos pesquisadores que desenvolveram seus trabalhos no GPMIn.<\/p>\n<\/div>\n<\/div><\/div><\/div><\/div><div id=\"pg-170-1\"  class=\"panel-grid panel-no-style\" ><div id=\"pgc-170-1-0\"  class=\"panel-grid-cell\" ><div id=\"panel-170-1-0-0\" class=\"so-panel widget panel-first-child panel-last-child\" data-index=\"1\" ><\/div><\/div><div id=\"pgc-170-1-1\"  class=\"panel-grid-cell\" ><div id=\"panel-170-1-1-0\" class=\"so-panel widget panel-first-child panel-last-child\" data-index=\"2\" ><\/div><\/div><\/div><\/div>","protected":false},"excerpt":{"rendered":"<p>Aqui voc\u00ea poder\u00e1 encontrar todas as publica\u00e7\u00f5es do grupo, separadas pelo Prof. Dr. Marcio Vidotti e pela Prof\u00aa Dr\u00aa Izabel C. R. Vidotti, bastando clicar na foto de cada um para ver as publica\u00e7\u00f5es. Al\u00e9m disso voc\u00ea pode consultar as publica\u00e7\u00f5es dos pesquisadores que desenvolveram seus trabalhos no GPMIn. Prof. Dr. Marcio Vidotti Prof. Dra. [&hellip;]<\/p>\n","protected":false},"author":36,"featured_media":0,"parent":427,"menu_order":0,"comment_status":"closed","ping_status":"closed","template":"","meta":{"footnotes":""},"class_list":["post-170","page","type-page","status-publish","hentry"],"_links":{"self":[{"href":"http:\/\/www.quimica.ufpr.br\/paginas\/gpmin\/wp-json\/wp\/v2\/pages\/170","targetHints":{"allow":["GET"]}}],"collection":[{"href":"http:\/\/www.quimica.ufpr.br\/paginas\/gpmin\/wp-json\/wp\/v2\/pages"}],"about":[{"href":"http:\/\/www.quimica.ufpr.br\/paginas\/gpmin\/wp-json\/wp\/v2\/types\/page"}],"author":[{"embeddable":true,"href":"http:\/\/www.quimica.ufpr.br\/paginas\/gpmin\/wp-json\/wp\/v2\/users\/36"}],"replies":[{"embeddable":true,"href":"http:\/\/www.quimica.ufpr.br\/paginas\/gpmin\/wp-json\/wp\/v2\/comments?post=170"}],"version-history":[{"count":21,"href":"http:\/\/www.quimica.ufpr.br\/paginas\/gpmin\/wp-json\/wp\/v2\/pages\/170\/revisions"}],"predecessor-version":[{"id":855,"href":"http:\/\/www.quimica.ufpr.br\/paginas\/gpmin\/wp-json\/wp\/v2\/pages\/170\/revisions\/855"}],"up":[{"embeddable":true,"href":"http:\/\/www.quimica.ufpr.br\/paginas\/gpmin\/wp-json\/wp\/v2\/pages\/427"}],"wp:attachment":[{"href":"http:\/\/www.quimica.ufpr.br\/paginas\/gpmin\/wp-json\/wp\/v2\/media?parent=170"}],"curies":[{"name":"wp","href":"https:\/\/api.w.org\/{rel}","templated":true}]}}