{"id":1140,"date":"2022-02-16T20:01:33","date_gmt":"2022-02-16T23:01:33","guid":{"rendered":"https:\/\/www.quimica.ufpr.br\/paginas\/gpmin\/?page_id=1140"},"modified":"2022-03-14T10:16:43","modified_gmt":"2022-03-14T13:16:43","slug":"resiburn","status":"publish","type":"page","link":"http:\/\/www.quimica.ufpr.br\/paginas\/gpmin\/resiburn\/","title":{"rendered":"Resiburn"},"content":{"rendered":"<div id=\"pl-1140\"  class=\"panel-layout\" ><div id=\"pg-1140-0\"  class=\"panel-grid panel-no-style\" ><div id=\"pgc-1140-0-0\"  class=\"panel-grid-cell\" ><div id=\"panel-1140-0-0-0\" class=\"so-panel widget widget_sow-editor panel-first-child panel-last-child\" data-index=\"0\" ><div\n\t\t\t\n\t\t\tclass=\"so-widget-sow-editor so-widget-sow-editor-base\"\n\t\t\t\n\t\t>\n<div class=\"siteorigin-widget-tinymce textwidget\">\n\t<p style=\"text-align: justify\">A Resiburn \u00e9 uma Startup que surgiu com o prop\u00f3sito de gerar novas tecnologias atrav\u00e9s de res\u00edduos s\u00f3lidos urbanos e minimizar os impactos causados ao meio ambiente. A Resiburn foi fundada em 2020 por pesquisadores do GPMIn, em parceria com o Labppam - <em>Laborat\u00f3rio de Processos e Projetos Ambientais - <\/em>UFPR, laborat\u00f3rio sob orienta\u00e7\u00e3o do prof. Dr. Antonio Mangrich. A Resiburn conta com profissionais especializados (n\u00edvel mestrado e doutorado) com vasto<em> know-how<\/em> em pir\u00f3lise, s\u00ednteses eletroqu\u00edmicas, dispositivos de armazenamento de energia, engenharia de manufatura e gest\u00e3o de projetos. Nossa empresa prop\u00f5e uma tecnologia de pir\u00f3lise capaz de degradar res\u00edduos, gerando um produto de alto valor agregado conhecido como <strong>biochar<\/strong>. Este produto pode ser aplicado na formula\u00e7\u00e3o de tintas condutoras e em supercapacitores dependendo da condutividade do material, assim como pode ser utilizado para o desenvolvimento de materiais adsorventes e condicionantes de solo. Deste modo, a proposta inovadora \u00e9 implantar nosso processo de pir\u00f3lise nas empresas que realizam a incinera\u00e7\u00e3o de res\u00edduos, adequando equipamentos j\u00e1 existentes ou auxiliando na implanta\u00e7\u00e3o do reator pirol\u00edtico, contribuindo com o meio ambiente e gerando lucro \u00e0s empresas parceiras.<\/p>\n<\/div>\n<\/div><\/div><\/div><\/div><div id=\"pg-1140-1\"  class=\"panel-grid panel-no-style\" ><div id=\"pgc-1140-1-0\"  class=\"panel-grid-cell\" ><div id=\"panel-1140-1-0-0\" class=\"so-panel widget widget_sow-image panel-first-child panel-last-child\" data-index=\"1\" ><div\n\t\t\t\n\t\t\tclass=\"so-widget-sow-image so-widget-sow-image-default-8b5b6f678277-1140\"\n\t\t\t\n\t\t>\n<div class=\"sow-image-container\">\n\t\t\t<a href=\"https:\/\/www.quimica.ufpr.br\/paginas\/gpmin\/alunas-do-gpmin-sao-vencedoras-concurso-de-inovacao-sustentabilidade\/\"\n\t\t\ttarget=\"_blank\" rel=\"noopener noreferrer\" \t\t>\n\t\t\t<img fetchpriority=\"high\" \n\tsrc=\"http:\/\/www.quimica.ufpr.br\/paginas\/gpmin\/wp-content\/uploads\/sites\/11\/2022\/02\/dezembro-1.png\" width=\"1080\" height=\"1080\" srcset=\"http:\/\/www.quimica.ufpr.br\/paginas\/gpmin\/wp-content\/uploads\/sites\/11\/2022\/02\/dezembro-1.png 1080w, http:\/\/www.quimica.ufpr.br\/paginas\/gpmin\/wp-content\/uploads\/sites\/11\/2022\/02\/dezembro-1-300x300.png 300w, http:\/\/www.quimica.ufpr.br\/paginas\/gpmin\/wp-content\/uploads\/sites\/11\/2022\/02\/dezembro-1-1024x1024.png 1024w, http:\/\/www.quimica.ufpr.br\/paginas\/gpmin\/wp-content\/uploads\/sites\/11\/2022\/02\/dezembro-1-150x150.png 150w, http:\/\/www.quimica.ufpr.br\/paginas\/gpmin\/wp-content\/uploads\/sites\/11\/2022\/02\/dezembro-1-768x768.png 768w\" sizes=\"(max-width: 1080px) 100vw, 1080px\" title=\"Dezembro (1)\" alt=\"\" \t\tclass=\"so-widget-image\"\/>\n\t\t\t<\/a><\/div>\n\n<\/div><\/div><\/div><div id=\"pgc-1140-1-1\"  class=\"panel-grid-cell\" ><div id=\"panel-1140-1-1-0\" class=\"so-panel widget widget_sow-editor panel-first-child\" data-index=\"2\" ><div\n\t\t\t\n\t\t\tclass=\"so-widget-sow-editor so-widget-sow-editor-base\"\n\t\t\t\n\t\t><h3 class=\"widget-title\">Sobre a Resiburn<\/h3>\n<div class=\"siteorigin-widget-tinymce textwidget\">\n\t<\/div>\n<\/div><\/div><div id=\"panel-1140-1-1-1\" class=\"so-panel widget widget_sow-button\" data-index=\"3\" ><div\n\t\t\t\n\t\t\tclass=\"so-widget-sow-button so-widget-sow-button-atom-550639c3fe71-1140\"\n\t\t\t\n\t\t><div class=\"ow-button-base ow-button-align-center\"\n>\n\t\t\t<a\n\t\t\t\t\thref=\"https:\/\/www.quimica.ufpr.br\/paginas\/gpmin\/resiburn\/timeline-da-resiburn\/\"\n\t\t\t\t\tclass=\"sowb-button ow-icon-placement-left ow-button-hover\" target=\"_blank\" rel=\"noopener noreferrer\" \t>\n\t\t<span>\n\t\t\t<span class=\"sow-icon-icomoon\" data-sow-icon=\"&#xe94d;\"\n\t\tstyle=\"color: #ffffff\" \n\t\taria-hidden=\"true\"><\/span>\n\t\t\tTimeline\t\t<\/span>\n\t\t\t<\/a>\n\t<\/div>\n<\/div><\/div><div id=\"panel-1140-1-1-2\" class=\"so-panel widget widget_sow-button\" data-index=\"4\" ><div\n\t\t\t\n\t\t\tclass=\"so-widget-sow-button so-widget-sow-button-atom-42f5425c8018-1140\"\n\t\t\t\n\t\t><div class=\"ow-button-base ow-button-align-center\"\n>\n\t\t\t<a\n\t\t\t\t\thref=\"https:\/\/www.linkedin.com\/company\/resiburn\/\"\n\t\t\t\t\tclass=\"sowb-button ow-icon-placement-left ow-button-hover\" target=\"_blank\" rel=\"noopener noreferrer\" \t>\n\t\t<span>\n\t\t\t<span class=\"sow-icon-fontawesome sow-fab\" data-sow-icon=\"&#xf0e1;\"\n\t\tstyle=\"color: #ffffff\" \n\t\taria-hidden=\"true\"><\/span>\n\t\t\tLinkedIn\t\t<\/span>\n\t\t\t<\/a>\n\t<\/div>\n<\/div><\/div><div id=\"panel-1140-1-1-3\" class=\"so-panel widget widget_sow-button\" data-index=\"5\" ><div\n\t\t\t\n\t\t\tclass=\"so-widget-sow-button so-widget-sow-button-atom-84adb705f0f8-1140\"\n\t\t\t\n\t\t><div class=\"ow-button-base ow-button-align-center\"\n>\n\t\t\t<a\n\t\t\t\t\thref=\"https:\/\/www.instagram.com\/resiburn\/\"\n\t\t\t\t\tclass=\"sowb-button ow-icon-placement-left ow-button-hover\" \t>\n\t\t<span>\n\t\t\t<span class=\"sow-icon-fontawesome sow-fab\" data-sow-icon=\"&#xf16d;\"\n\t\tstyle=\"color: #ffffff\" \n\t\taria-hidden=\"true\"><\/span>\n\t\t\tInstagram\t\t<\/span>\n\t\t\t<\/a>\n\t<\/div>\n<\/div><\/div><div id=\"panel-1140-1-1-4\" class=\"so-panel widget widget_sow-button panel-last-child\" data-index=\"6\" ><div\n\t\t\t\n\t\t\tclass=\"so-widget-sow-button so-widget-sow-button-atom-e9d8ec59ce98-1140\"\n\t\t\t\n\t\t><div class=\"ow-button-base ow-button-align-center\"\n>\n\t\t\t<a\n\t\t\t\t\thref=\"https:\/\/www.quimica.ufpr.br\/paginas\/gpmin\/resiburn\/contato\/\"\n\t\t\t\t\tclass=\"sowb-button ow-icon-placement-left ow-button-hover\" target=\"_blank\" rel=\"noopener noreferrer\" \t>\n\t\t<span>\n\t\t\t<span class=\"sow-icon-fontawesome sow-far\" data-sow-icon=\"&#xf044;\"\n\t\tstyle=\"color: #ffffff\" \n\t\taria-hidden=\"true\"><\/span>\n\t\t\tContato\t\t<\/span>\n\t\t\t<\/a>\n\t<\/div>\n<\/div><\/div><\/div><\/div><div id=\"pg-1140-2\"  class=\"panel-grid panel-no-style\" ><div id=\"pgc-1140-2-0\"  class=\"panel-grid-cell panel-grid-cell-empty\" ><\/div><\/div><\/div>","protected":false},"excerpt":{"rendered":"<p>A Resiburn \u00e9 uma Startup que surgiu com o prop\u00f3sito de gerar novas tecnologias atrav\u00e9s de res\u00edduos s\u00f3lidos urbanos e minimizar os impactos causados ao meio ambiente. A Resiburn foi fundada em 2020 por pesquisadores do GPMIn, em parceria com o Labppam &#8211; Laborat\u00f3rio de Processos e Projetos Ambientais &#8211; UFPR, laborat\u00f3rio sob orienta\u00e7\u00e3o do [&hellip;]<\/p>\n","protected":false},"author":17,"featured_media":0,"parent":0,"menu_order":0,"comment_status":"closed","ping_status":"closed","template":"","meta":{"footnotes":""},"class_list":["post-1140","page","type-page","status-publish","hentry"],"_links":{"self":[{"href":"http:\/\/www.quimica.ufpr.br\/paginas\/gpmin\/wp-json\/wp\/v2\/pages\/1140","targetHints":{"allow":["GET"]}}],"collection":[{"href":"http:\/\/www.quimica.ufpr.br\/paginas\/gpmin\/wp-json\/wp\/v2\/pages"}],"about":[{"href":"http:\/\/www.quimica.ufpr.br\/paginas\/gpmin\/wp-json\/wp\/v2\/types\/page"}],"author":[{"embeddable":true,"href":"http:\/\/www.quimica.ufpr.br\/paginas\/gpmin\/wp-json\/wp\/v2\/users\/17"}],"replies":[{"embeddable":true,"href":"http:\/\/www.quimica.ufpr.br\/paginas\/gpmin\/wp-json\/wp\/v2\/comments?post=1140"}],"version-history":[{"count":8,"href":"http:\/\/www.quimica.ufpr.br\/paginas\/gpmin\/wp-json\/wp\/v2\/pages\/1140\/revisions"}],"predecessor-version":[{"id":1159,"href":"http:\/\/www.quimica.ufpr.br\/paginas\/gpmin\/wp-json\/wp\/v2\/pages\/1140\/revisions\/1159"}],"wp:attachment":[{"href":"http:\/\/www.quimica.ufpr.br\/paginas\/gpmin\/wp-json\/wp\/v2\/media?parent=1140"}],"curies":[{"name":"wp","href":"https:\/\/api.w.org\/{rel}","templated":true}]}}