{"id":6,"date":"2020-05-08T23:49:48","date_gmt":"2020-05-09T02:49:48","guid":{"rendered":"http:\/\/www.quimica.ufpr.br\/paginas\/gilberto-abate\/?page_id=6"},"modified":"2020-05-08T23:59:55","modified_gmt":"2020-05-09T02:59:55","slug":"inicio","status":"publish","type":"page","link":"http:\/\/www.quimica.ufpr.br\/paginas\/gilberto-abate\/","title":{"rendered":"In\u00edcio"},"content":{"rendered":"<div id=\"pl-6\"  class=\"panel-layout\" ><div id=\"pg-6-0\"  class=\"panel-grid panel-no-style\" ><div id=\"pgc-6-0-0\"  class=\"panel-grid-cell\" ><div id=\"panel-6-0-0-0\" class=\"so-panel widget widget_sow-editor panel-first-child panel-last-child\" data-index=\"0\" ><div\n\t\t\t\n\t\t\tclass=\"so-widget-sow-editor so-widget-sow-editor-base\"\n\t\t\t\n\t\t>\n<div class=\"siteorigin-widget-tinymce textwidget\">\n\t<p style=\"text-align: justify;\">Possui gradua\u00e7\u00e3o em Qu\u00edmica Industrial (1988) e em Engenharia Qu\u00edmica (1992) pelas Faculdades Oswaldo Cruz (S\u00e3o Paulo-SP), mestrado como bolsista pelo CNPq (1998) e doutorado como bolsista pela FAPESP em Qu\u00edmica (2003), ambos na \u00e1rea de concentra\u00e7\u00e3o de Qu\u00edmica Anal\u00edtica pelo Instituto de Qu\u00edmica da Universidade de S\u00e3o Paulo (S\u00e3o Paulo-SP), bem como P\u00f3s-Doutorado como bolsista pela FAPESP na mesma institui\u00e7\u00e3o. Atua como docente desde 2005 no Departamento de Qu\u00edmica da Universidade Federal do Paran\u00e1 - UFPR (Curitiba-PR), sendo atualmente professor Associado n\u00edvel IV, ministrando disciplinas da \u00e1rea de Qu\u00edmica Anal\u00edtica. Atua como orientador (mestrado e doutorado) no Programa de P\u00f3s-Gradua\u00e7\u00e3o em Qu\u00edmica da UFPR com estudos voltados para extra\u00e7\u00e3o e concentra\u00e7\u00e3o de micropoluentes (org\u00e2nicos e inorg\u00e2nicos) de matrizes ambientais como \u00e1guas e solos, com \u00eanfase para m\u00e9todos miniaturizados de extra\u00e7\u00e3o, al\u00e9m da investiga\u00e7\u00e3o da intera\u00e7\u00e3o de poluentes com solos e com suas fra\u00e7\u00f5es. (Texto informado pelo autor)<\/p>\n<\/div>\n<\/div><\/div><\/div><\/div><\/div>","protected":false},"excerpt":{"rendered":"<p>Possui gradua\u00e7\u00e3o em Qu\u00edmica Industrial (1988) e em Engenharia Qu\u00edmica (1992) pelas Faculdades Oswaldo Cruz (S\u00e3o Paulo-SP), mestrado como bolsista pelo CNPq (1998) e doutorado como bolsista pela FAPESP em Qu\u00edmica (2003), ambos na \u00e1rea de concentra\u00e7\u00e3o de Qu\u00edmica Anal\u00edtica pelo Instituto de Qu\u00edmica da Universidade de S\u00e3o Paulo (S\u00e3o Paulo-SP), bem como P\u00f3s-Doutorado como&hellip;<\/p>\n","protected":false},"author":1,"featured_media":0,"parent":0,"menu_order":0,"comment_status":"closed","ping_status":"closed","template":"","meta":{"footnotes":""},"class_list":["post-6","page","type-page","status-publish","hentry"],"_links":{"self":[{"href":"http:\/\/www.quimica.ufpr.br\/paginas\/gilberto-abate\/wp-json\/wp\/v2\/pages\/6","targetHints":{"allow":["GET"]}}],"collection":[{"href":"http:\/\/www.quimica.ufpr.br\/paginas\/gilberto-abate\/wp-json\/wp\/v2\/pages"}],"about":[{"href":"http:\/\/www.quimica.ufpr.br\/paginas\/gilberto-abate\/wp-json\/wp\/v2\/types\/page"}],"author":[{"embeddable":true,"href":"http:\/\/www.quimica.ufpr.br\/paginas\/gilberto-abate\/wp-json\/wp\/v2\/users\/1"}],"replies":[{"embeddable":true,"href":"http:\/\/www.quimica.ufpr.br\/paginas\/gilberto-abate\/wp-json\/wp\/v2\/comments?post=6"}],"version-history":[{"count":3,"href":"http:\/\/www.quimica.ufpr.br\/paginas\/gilberto-abate\/wp-json\/wp\/v2\/pages\/6\/revisions"}],"predecessor-version":[{"id":21,"href":"http:\/\/www.quimica.ufpr.br\/paginas\/gilberto-abate\/wp-json\/wp\/v2\/pages\/6\/revisions\/21"}],"wp:attachment":[{"href":"http:\/\/www.quimica.ufpr.br\/paginas\/gilberto-abate\/wp-json\/wp\/v2\/media?parent=6"}],"curies":[{"name":"wp","href":"https:\/\/api.w.org\/{rel}","templated":true}]}}