{"id":30,"date":"2020-05-09T00:13:08","date_gmt":"2020-05-09T03:13:08","guid":{"rendered":"http:\/\/www.quimica.ufpr.br\/paginas\/gilberto-abate\/?page_id=30"},"modified":"2020-05-09T00:16:12","modified_gmt":"2020-05-09T03:16:12","slug":"pesquisa","status":"publish","type":"page","link":"http:\/\/www.quimica.ufpr.br\/paginas\/gilberto-abate\/pesquisa\/","title":{"rendered":"Pesquisa"},"content":{"rendered":"<div id=\"pl-30\"  class=\"panel-layout\" ><div id=\"pg-30-0\"  class=\"panel-grid panel-no-style\" ><div id=\"pgc-30-0-0\"  class=\"panel-grid-cell\" ><div id=\"panel-30-0-0-0\" class=\"so-panel widget widget_sow-editor panel-first-child panel-last-child\" data-index=\"0\" ><div\n\t\t\t\n\t\t\tclass=\"so-widget-sow-editor so-widget-sow-editor-base\"\n\t\t\t\n\t\t><h3 class=\"widget-title\">Linhas de Pesquisa<\/h3>\n<div class=\"siteorigin-widget-tinymce textwidget\">\n\t<ol>\n<li>Desenvolvimento de metodologias anal\u00edticas<\/li>\n<li>Modifica\u00e7\u00e3o de argilominerais visando aplica\u00e7\u00f5es ambientais e ou anal\u00edticas<\/li>\n<li>Estudos ambientais de intera\u00e7\u00e3o de subst\u00e2ncias h\u00famicas e argilominerais com herbicidas e \u00edons de metais pesados<\/li>\n<li>Estudos anal\u00edticos de pr\u00e9-concentra\u00e7\u00e3o de poluentes de interesse ambiental<\/li>\n<li>Desenvolvimento de m\u00e9todos anal\u00edticos para an\u00e1lise de banhos de galvanoplastia, ligas met\u00e1licas, produtos qu\u00edmicos e efluentes<\/li>\n<\/ol>\n<\/div>\n<\/div><\/div><\/div><\/div><div id=\"pg-30-1\"  class=\"panel-grid panel-no-style\" ><div id=\"pgc-30-1-0\"  class=\"panel-grid-cell\" ><div id=\"panel-30-1-0-0\" class=\"so-panel widget widget_sow-editor panel-first-child panel-last-child\" data-index=\"1\" ><div\n\t\t\t\n\t\t\tclass=\"so-widget-sow-editor so-widget-sow-editor-base\"\n\t\t\t\n\t\t><h3 class=\"widget-title\">Projetos de Pesquisa<\/h3>\n<div class=\"siteorigin-widget-tinymce textwidget\">\n\t<p><span style=\"text-decoration: underline;\"><strong>Abordagens baseadas em extra\u00e7\u00e3o em fase s\u00f3lida para a quantifica\u00e7\u00e3o de contaminantes de preocupa\u00e7\u00e3o emergente em \u00e1guas<\/strong><\/span><br \/>\nDescri\u00e7\u00e3o: O objetivo do presente projeto \u00e9 a investiga\u00e7\u00e3o de estrat\u00e9gias de extra\u00e7\u00e3o em fase s\u00f3lida miniaturizada, pelo emprego de pequenas colunas de extra\u00e7\u00e3o, ou na forma dispersiva, ambas voltadas para a extra\u00e7\u00e3o de contaminantes de preocupa\u00e7\u00e3o emergente de diferentes classes. Para tal ser\u00e3o avaliadas fases minerais, com \u00eanfase para os argilominerais naturais ou modificados visando obter m\u00e9todos anal\u00edticos em conson\u00e2ncia com os princ\u00edpios de qu\u00edmica limpa, minimizando o emprego de solventes nas etapas anal\u00edticas, al\u00e9m do baixo custo e f\u00e1cil obten\u00e7\u00e3o e purifica\u00e7\u00e3o das referidas fases sorventes. As t\u00e9cnicas de extra\u00e7\u00e3o ser\u00e3o aplicadas na quantifica\u00e7\u00e3o de diferentes esp\u00e9cies de interesse, em amostras de \u00e1guas naturais da cidade de Curitiba e da regi\u00e3o metropolitana. Alunos envolvidos: Gradua\u00e7\u00e3o: (1) \/ Mestrado acad\u00eamico: (1) \/ Doutorado: (1) .<\/p>\n<p>&nbsp;<\/p>\n<p><span style=\"text-decoration: underline;\"><strong>Desenvolvimento de M\u00e9todos Anal\u00edticos por Microextra\u00e7\u00e3o em Fase L\u00edquida e em Fase S\u00f3lida visando a Quantifica\u00e7\u00e3o de Contaminantes em Amostras Aquosas<\/strong><\/span><br \/>\nDescri\u00e7\u00e3o: O projeto \u00e9 dedicado ao desenvolvimento de m\u00e9todos anal\u00edticos, visando a quantifica\u00e7\u00e3o de poluentes ambientais com \u00eanfase para pesticidas e \u00edons met\u00e1licos. Tem como principal objetivo conduzir estudos direcionados para extrair e concentrar pesticidas em matrizes aquosas. Nesse sentido, s\u00e3o investigados procedimentos como a microextra\u00e7\u00e3o por solvente e microextra\u00e7\u00e3o em fase s\u00f3lida, que demonstram uma boa potencialidade com rela\u00e7\u00e3o \u00e0s referidas classes de compostos. Alunos envolvidos: Mestrado acad\u00eamico: (2) Doutorado: (2) .<\/p>\n<p>&nbsp;<\/p>\n<p><span style=\"text-decoration: underline;\"><strong>Instituto Nacional de Ci\u00eancias e Tecnologias Anal\u00edticas Avan\u00e7adas (INCTAA)<\/strong><\/span><br \/>\nAlunos envolvidos: Gradua\u00e7\u00e3o: (1) .<\/p>\n<p>&nbsp;<\/p>\n<\/div>\n<\/div><\/div><\/div><\/div><div id=\"pg-30-2\"  class=\"panel-grid panel-no-style\" ><div id=\"pgc-30-2-0\"  class=\"panel-grid-cell\" ><div id=\"panel-30-2-0-0\" class=\"so-panel widget widget_sow-editor panel-first-child panel-last-child\" data-index=\"2\" ><div\n\t\t\t\n\t\t\tclass=\"so-widget-sow-editor so-widget-sow-editor-base\"\n\t\t\t\n\t\t><h3 class=\"widget-title\">Orienta\u00e7\u00f5es em andamento<\/h3>\n<div class=\"siteorigin-widget-tinymce textwidget\">\n\t<p><span style=\"text-decoration: underline;\"><strong>Tese de doutorado<\/strong><\/span><\/p>\n<ul>\n<li>Luis Fernando Amorim Batista. Desenvolvimento de Estrat\u00e9gias Anal\u00edticas empregando Extra\u00e7\u00e3o em Fase S\u00f3lida para a Quantifica\u00e7\u00e3o de Pesticidas da Classe das Triazinas em Matrizes Aquosas. In\u00edcio: 2018. Tese (Doutorado em Qu\u00edmica) - Universidade Federal do Paran\u00e1, Conselho Nacional de Desenvolvimento Cient\u00edfico e Tecnol\u00f3gico. (Orientador).<\/li>\n<\/ul>\n<p>&nbsp;<\/p>\n<p><span style=\"text-decoration: underline;\"><strong>Inicia\u00e7\u00e3o cient\u00edfica<\/strong><\/span><\/p>\n<ul>\n<li>Sara Renata Gon\u00e7alves. Estudo da t\u00e9cnica de extra\u00e7\u00e3o sortiva em barras de agita\u00e7\u00e3o para determina\u00e7\u00e3o de pesticidas da classe das triazinas. In\u00edcio: 2018. Inicia\u00e7\u00e3o cient\u00edfica (Graduando em Qu\u00edmica) - Universidade Federal do Paran\u00e1. (Orientador).<\/li>\n<\/ul>\n<p><span style=\"text-decoration: underline;\"><strong>Orienta\u00e7\u00f5es de outra natureza<\/strong><\/span><\/p>\n<ul>\n<li>Carolina Dias Bressan. Estudo de sor\u00e7\u00e3o de micropoluentes em fases minerais. In\u00edcio: 2018. Orienta\u00e7\u00e3o de outra natureza. Universidade Federal do Paran\u00e1. (Orientador).<\/li>\n<\/ul>\n<\/div>\n<\/div><\/div><\/div><\/div><\/div>","protected":false},"excerpt":{"rendered":"<p>Desenvolvimento de metodologias anal\u00edticas Modifica\u00e7\u00e3o de argilominerais visando aplica\u00e7\u00f5es ambientais e ou anal\u00edticas Estudos ambientais de intera\u00e7\u00e3o de subst\u00e2ncias h\u00famicas e argilominerais com herbicidas e \u00edons de metais pesados Estudos anal\u00edticos de pr\u00e9-concentra\u00e7\u00e3o de poluentes de interesse ambiental Desenvolvimento de m\u00e9todos anal\u00edticos para an\u00e1lise de banhos de galvanoplastia, ligas met\u00e1licas, produtos qu\u00edmicos e efluentes Abordagens&hellip;<\/p>\n","protected":false},"author":1,"featured_media":0,"parent":0,"menu_order":0,"comment_status":"closed","ping_status":"closed","template":"page-templates\/full-width.php","meta":{"footnotes":""},"class_list":["post-30","page","type-page","status-publish","hentry"],"_links":{"self":[{"href":"http:\/\/www.quimica.ufpr.br\/paginas\/gilberto-abate\/wp-json\/wp\/v2\/pages\/30","targetHints":{"allow":["GET"]}}],"collection":[{"href":"http:\/\/www.quimica.ufpr.br\/paginas\/gilberto-abate\/wp-json\/wp\/v2\/pages"}],"about":[{"href":"http:\/\/www.quimica.ufpr.br\/paginas\/gilberto-abate\/wp-json\/wp\/v2\/types\/page"}],"author":[{"embeddable":true,"href":"http:\/\/www.quimica.ufpr.br\/paginas\/gilberto-abate\/wp-json\/wp\/v2\/users\/1"}],"replies":[{"embeddable":true,"href":"http:\/\/www.quimica.ufpr.br\/paginas\/gilberto-abate\/wp-json\/wp\/v2\/comments?post=30"}],"version-history":[{"count":3,"href":"http:\/\/www.quimica.ufpr.br\/paginas\/gilberto-abate\/wp-json\/wp\/v2\/pages\/30\/revisions"}],"predecessor-version":[{"id":33,"href":"http:\/\/www.quimica.ufpr.br\/paginas\/gilberto-abate\/wp-json\/wp\/v2\/pages\/30\/revisions\/33"}],"wp:attachment":[{"href":"http:\/\/www.quimica.ufpr.br\/paginas\/gilberto-abate\/wp-json\/wp\/v2\/media?parent=30"}],"curies":[{"name":"wp","href":"https:\/\/api.w.org\/{rel}","templated":true}]}}