{"id":28,"date":"2020-05-09T00:09:41","date_gmt":"2020-05-09T03:09:41","guid":{"rendered":"http:\/\/www.quimica.ufpr.br\/paginas\/gilberto-abate\/?page_id=28"},"modified":"2020-05-09T00:09:41","modified_gmt":"2020-05-09T03:09:41","slug":"publicacoes","status":"publish","type":"page","link":"http:\/\/www.quimica.ufpr.br\/paginas\/gilberto-abate\/publicacoes\/","title":{"rendered":"Publica\u00e7\u00f5es"},"content":{"rendered":"<div id=\"pl-28\"  class=\"panel-layout\" ><div id=\"pg-28-0\"  class=\"panel-grid panel-no-style\" ><div id=\"pgc-28-0-0\"  class=\"panel-grid-cell\" ><div id=\"panel-28-0-0-0\" class=\"so-panel widget widget_sow-editor panel-first-child panel-last-child\" data-index=\"0\" ><div\n\t\t\t\n\t\t\tclass=\"so-widget-sow-editor so-widget-sow-editor-base\"\n\t\t\t\n\t\t>\n<div class=\"siteorigin-widget-tinymce textwidget\">\n\t<div class=\"layout-cell-pad-5\">\n<div class=\"layout-cell layout-cell-1 text-align-right\">\n<ol>\n<li class=\"layout-cell-pad-5\">NUNES, MARCELO CARPES ; DOS SANTOS CARLOS, FABIANE ; FUGANTI, OT\u00c1VIO ; GALINDO, DANYELLEN DHEYNIFFER MONTEIRO ; DE BONI, LEONARDO ; Abate, Gilberto ; NUNES, F\u00c1BIO SOUZA . Turn-on fluorescence study of a highly selective acridine-based chemosensor for Zn2+ in aqueous solutions. INORGANICA CHIMICA ACTA<sup><img decoding=\"async\" id=\"00201693_1\" class=\"ajaxJCR jcrTip\" style=\"background: none 0px 0px repeat scroll transparent; border: 0px none; font-size: 11px; margin: 0px; padding: 0px; outline: none 0px; vertical-align: baseline; text-align: left;\" src=\"http:\/\/buscatextual.cnpq.br\/buscatextual\/images\/curriculo\/jcr.gif\" data-issn=\"00201693\" \/><\/sup>, v. 499, p. 119191, 2020.<\/li>\n<li>OLIVEIRA PEREIRA, ERICO A. ; FREITAS MELO, VANDER ; Abate, Gilberto ; MASINI, JORGE C. . Determination of glyphosate and aminomethylphosphonic acid by sequential-injection reversed-phase chromatography: method improvements and application in adsorption studies. ANALYTICAL AND BIOANALYTICAL CHEMISTRY<sup><img decoding=\"async\" id=\"16182642_2\" class=\"ajaxJCR jcrTip\" style=\"background: none 0px 0px repeat scroll transparent; border: 0px none; font-size: 11px; margin: 0px; padding: 0px; outline: none 0px; vertical-align: baseline; text-align: left;\" src=\"http:\/\/buscatextual.cnpq.br\/buscatextual\/images\/curriculo\/jcr.gif\" data-issn=\"16182642\" \/><\/sup>, v. 411, p. 2317-2326, 2019.<\/li>\n<li>RIGOBELLO-MASINI, MARILDA ; PEREIRA, ERICO A. OLIVEIRA ; Abate, Gilberto ; MASINI, JORGE C. . Solid-Phase Extraction of Glyphosate in the Analyses of Environmental, Plant, and Food Samples. CHROMATOGRAPHIA<sup><img decoding=\"async\" id=\"00095893_3\" class=\"ajaxJCR jcrTip\" style=\"background: none 0px 0px repeat scroll transparent; border: 0px none; font-size: 11px; margin: 0px; padding: 0px; outline: none 0px; vertical-align: baseline; text-align: left;\" src=\"http:\/\/buscatextual.cnpq.br\/buscatextual\/images\/curriculo\/jcr.gif\" data-issn=\"00095893\" \/><\/sup>, v. 82, p. 1121-1138, 2019.<\/li>\n<li>PEREIRA, ERICO A. OLIVEIRA ; MELO, VANDER FREITAS ; Abate, Gilberto ; MASINI, JORGE C. . Adsorption of glyphosate on Brazilian subtropical soils rich in iron and aluminum oxides. JOURNAL OF ENVIRONMENTAL SCIENCE AND HEALTH PART B-PESTICIDES FOOD CONTAMINANTS AND AGRICULTURAL WASTES<sup><img decoding=\"async\" id=\"03601234_4\" class=\"ajaxJCR jcrTip\" style=\"background: none 0px 0px repeat scroll transparent; border: 0px none; font-size: 11px; margin: 0px; padding: 0px; outline: none 0px; vertical-align: baseline; text-align: left;\" src=\"http:\/\/buscatextual.cnpq.br\/buscatextual\/images\/curriculo\/jcr.gif\" data-issn=\"03601234\" \/><\/sup>, v. 54, p. 1-9, 2019.<\/li>\n<li>MARTINS, ELISANDRA C. ; MELO, VANDER F. ; Abate, Gilberto . Sorption and desorption of diuron on Typic Argiudoll, Oxic Argiudoll and on their clay fractions: environmental aspects. JOURNAL OF ENVIRONMENTAL SCIENCE AND HEALTH PART B-PESTICIDES FOOD CONTAMINANTS AND AGRICULTURAL WASTES<sup><img decoding=\"async\" id=\"03601234_5\" class=\"ajaxJCR jcrTip\" style=\"background: none 0px 0px repeat scroll transparent; border: 0px none; font-size: 11px; margin: 0px; padding: 0px; outline: none 0px; vertical-align: baseline; text-align: left;\" src=\"http:\/\/buscatextual.cnpq.br\/buscatextual\/images\/curriculo\/jcr.gif\" data-issn=\"03601234\" \/><\/sup>, v. 55, p. 1-8, 2019.<\/li>\n<li>MARTINS, ELISANDRA CAROLINA ; DE FREITAS MELO, VANDER ; BOHONE, JULIANE BOIKO ; Abate, Gilberto . Sorption and desorption of atrazine on soils: The effect of different soil fractions. GEODERMA<sup><img decoding=\"async\" id=\"00167061_6\" class=\"ajaxJCR jcrTip\" style=\"background: none 0px 0px repeat scroll transparent; border: 0px none; font-size: 11px; margin: 0px; padding: 0px; outline: none 0px; vertical-align: baseline; text-align: left;\" src=\"http:\/\/buscatextual.cnpq.br\/buscatextual\/images\/curriculo\/jcr.gif\" data-issn=\"00167061\" \/><\/sup>, v. 322, p. 131-139, 2018.<\/li>\n<li><a class=\"tooltip\" tabindex=\"163\" title=\"Clique para visualizar o curr\u00edculo\" href=\"http:\/\/lattes.cnpq.br\/1760343634540309\" target=\"_blank\" rel=\"noopener\">ANJOS, Vanessa Eg\u00e9a dos<\/a>\u00a0; Abate, Gilberto ;\u00a0<a class=\"tooltip\" tabindex=\"164\" title=\"Clique para visualizar o curr\u00edculo\" href=\"http:\/\/lattes.cnpq.br\/2575554403814311\" target=\"_blank\" rel=\"noopener\">GRASSI, Marco Tadeu<\/a>\u00a0. Determination of labile species of As(V), Ba, Cd, Co, Cr(III), Cu, Mn, Ni, Pb, Sr, V(V), and Zn in natural waters using diffusive gradients in thin-film (DGT) devices modified with montmorillonite. Analytical and Bioanalytical Chemistry (Print)<sup><img decoding=\"async\" id=\"16182642_7\" class=\"ajaxJCR jcrTip\" style=\"background: none 0px 0px repeat scroll transparent; border: 0px none; font-size: 11px; margin: 0px; padding: 0px; outline: none 0px; vertical-align: baseline; text-align: left;\" src=\"http:\/\/buscatextual.cnpq.br\/buscatextual\/images\/curriculo\/jcr.gif\" data-issn=\"16182642\" \/><\/sup>, v. 409, p. 1963-1972, 2017.<\/li>\n<li>SANTOS, J. V. ; PRESBITERIS, R. J. B. ; <a class=\"tooltip\" tabindex=\"166\" title=\"Clique para visualizar o curr\u00edculo\" href=\"http:\/\/lattes.cnpq.br\/8058791730583835\" target=\"_blank\" rel=\"noopener\">SANTOS, V.C.G.<\/a>\u00a0;\u00a0<a class=\"tooltip\" tabindex=\"167\" title=\"Clique para visualizar o curr\u00edculo\" href=\"http:\/\/lattes.cnpq.br\/2575554403814311\" target=\"_blank\" rel=\"noopener\">GRASSI, Marco Tadeu<\/a>\u00a0; MESSERSCHMIDT, Iara ; PEREIRA, B. F. ; MARTINAZZO, R. ; Abate, Gilberto . Avalia\u00e7\u00e3o da libera\u00e7\u00e3o de elementos tra\u00e7o em solos tratados com xisto retortado. QUIMICA NOVA<sup><img decoding=\"async\" id=\"01004042_8\" class=\"ajaxJCR jcrTip\" style=\"background: none 0px 0px repeat scroll transparent; border: 0px none; font-size: 11px; margin: 0px; padding: 0px; outline: none 0px; vertical-align: baseline; text-align: left;\" src=\"http:\/\/buscatextual.cnpq.br\/buscatextual\/images\/curriculo\/jcr.gif\" data-issn=\"01004042\" \/><\/sup>, p. 496-505, 2017.<\/li>\n<li>STOSKI, JACKELINE ; LEITE, NATALICIO F. ; DA PAIX\u00c3O, RONEI E. ; Abate, Gilberto . Epoxy resin as a new alternative sorbent phase for stir bar sorptive extraction for the determination of triclosan and methyl-triclosan. JOURNAL OF ENVIRONMENTAL SCIENCE AND HEALTH PART A-TOXIC\/HAZARDOUS SUBSTANCES &amp; ENVIRONMENTAL ENGINEERING<sup><img decoding=\"async\" id=\"10934529_9\" class=\"ajaxJCR jcrTip\" style=\"background: none 0px 0px repeat scroll transparent; border: 0px none; font-size: 11px; margin: 0px; padding: 0px; outline: none 0px; vertical-align: baseline; text-align: left;\" src=\"http:\/\/buscatextual.cnpq.br\/buscatextual\/images\/curriculo\/jcr.gif\" data-issn=\"10934529\" \/><\/sup>, v. 52, p. 1133-1140, 2017.<\/li>\n<li><img decoding=\"async\" src=\"http:\/\/buscatextual.cnpq.br\/buscatextual\/images\/curriculo\/ico_relevante.gif\" \/>\u00a0<a class=\"tooltip\" tabindex=\"170\" title=\"Clique para visualizar o curr\u00edculo\" href=\"http:\/\/lattes.cnpq.br\/5047377081379698\" target=\"_blank\" rel=\"noopener\">DOLATTO, Rafael Garrett<\/a>\u00a0; MESSERSCHMIDT, Iara ; FRAGA PEREIRA, BET\u00c2NIA ; MARTINAZZO, ROSANE ; Abate, Gilberto . Preconcentration of polar phenolic compounds from water samples and soil extract by liquid-phase microextraction and determination via liquid chromatography with ultraviolet detection. Talanta (Oxford)<sup><img decoding=\"async\" id=\"00399140_10\" class=\"ajaxJCR jcrTip\" style=\"background: none 0px 0px repeat scroll transparent; border: 0px none; font-size: 11px; margin: 0px; padding: 0px; outline: none 0px; vertical-align: baseline; text-align: left;\" src=\"http:\/\/buscatextual.cnpq.br\/buscatextual\/images\/curriculo\/jcr.gif\" data-issn=\"00399140\" \/><\/sup>, v. 148, p. 292-300, 2016.<br \/>\n<b class=\"label-citacoes\">Cita\u00e7\u00f5es:<\/b><a class=\"citacaoTip\" href=\"http:\/\/gateway.webofknowledge.com\/gateway\/Gateway.cgi?GWVersion=2&amp;SrcApp=PARTNER_APP&amp;SrcAuth=LinksAMR&amp;KeyUT=WOS:000366786400037&amp;DestLinkType=CitingArticles&amp;DestApp=ALL_WOS&amp;UsrCustomerID=83e8e710a8e621f095e069bfe7c1e2bd\" target=\"_blank\" rel=\"noopener\"><img decoding=\"async\" src=\"http:\/\/buscatextual.cnpq.br\/buscatextual\/images\/v2\/isi.gif\" \/><span class=\"numero-citacao\" data-tipo-ordenacao=\"1\">10<\/span><\/a><a class=\"citacaoTip\" href=\"http:\/\/www.scopus.com\/scopus\/inward\/citedby.url?partnerID=bb5nvXTn&amp;rel=R6.0.0&amp;doi=10.1016\/j.talanta.2015.11.004&amp;md5=b6501b15f09ea9e20e8461a0754205e4\" target=\"_blank\" rel=\"noopener\"><span class=\"separador-citacoes\">|<\/span><img decoding=\"async\" src=\"http:\/\/buscatextual.cnpq.br\/buscatextual\/images\/v2\/scopus.png\" \/><span class=\"numero-citacao\" data-tipo-ordenacao=\"3\">3<\/span><\/a><b><\/b><\/li>\n<li>DOUMER, MARTA ELIANE ; Abate, Gilberto ; MESSERSCHMIDT, Iara ; ASSIS, L\u00cdVIA MARI ; MARTINAZZO, ROSANE ; SILVEIRA, CARLOS AUGUSTO POSSER . EFFECT OF CHEMICAL ACTIVATION ON SURFACE PROPERTIES OF OIL SHALE BY-PRODUCT. Qu\u00edmica Nova (Impresso)<sup><img decoding=\"async\" id=\"01004042_11\" class=\"ajaxJCR jcrTip\" style=\"background: none 0px 0px repeat scroll transparent; border: 0px none; font-size: 11px; margin: 0px; padding: 0px; outline: none 0px; vertical-align: baseline; text-align: left;\" src=\"http:\/\/buscatextual.cnpq.br\/buscatextual\/images\/curriculo\/jcr.gif\" data-issn=\"01004042\" \/><\/sup>, v. 39, p. 431-436, 2016.<\/li>\n<li>MARTINS, ELISANDRA C. ; MELO, VANDER DE F. ; Abate, Gilberto . Evaluation of flow injection analysis method with spectrophotometric detection for the determination of atrazine in soil extracts. Journal of Environmental Science and Health. Part B. Pesticides, Food Contaminants, and Agricultural Wastes<sup><img decoding=\"async\" id=\"03601234_12\" class=\"ajaxJCR jcrTip\" style=\"background: none 0px 0px repeat scroll transparent; border: 0px none; font-size: 11px; margin: 0px; padding: 0px; outline: none 0px; vertical-align: baseline; text-align: left;\" src=\"http:\/\/buscatextual.cnpq.br\/buscatextual\/images\/curriculo\/jcr.gif\" data-issn=\"03601234\" \/><\/sup>, v. 51, p. 1-7, 2016.<\/li>\n<li>AMADORI, MARISTELA F. ; RODRIGUES, MARCIO B. ; REBOU\u00c7AS, CAIO C. ; PERALTA-ZAMORA, PATRICIO G. ; <a class=\"tooltip\" tabindex=\"174\" title=\"Clique para visualizar o curr\u00edculo\" href=\"http:\/\/lattes.cnpq.br\/2575554403814311\" target=\"_blank\" rel=\"noopener\">GRASSI, MARCO T.<\/a>\u00a0; Abate, Gilberto . Behavior of Atrazine and Its Degradation Products Deethylatrazine and Deisopropylatrazine in Oxisol Samples. Water, Air and Soil Pollution (Print)<sup><img decoding=\"async\" id=\"00496979_13\" class=\"ajaxJCR jcrTip\" style=\"background: none 0px 0px repeat scroll transparent; border: 0px none; font-size: 11px; margin: 0px; padding: 0px; outline: none 0px; vertical-align: baseline; text-align: left;\" src=\"http:\/\/buscatextual.cnpq.br\/buscatextual\/images\/curriculo\/jcr.gif\" data-issn=\"00496979\" \/><\/sup>, v. 227, p. 380, 2016.<br \/>\n<b class=\"label-citacoes\">Cita\u00e7\u00f5es:<\/b><a class=\"citacaoTip\" href=\"http:\/\/gateway.webofknowledge.com\/gateway\/Gateway.cgi?GWVersion=2&amp;SrcApp=PARTNER_APP&amp;SrcAuth=LinksAMR&amp;KeyUT=WOS:000385419200023&amp;DestLinkType=CitingArticles&amp;DestApp=ALL_WOS&amp;UsrCustomerID=83e8e710a8e621f095e069bfe7c1e2bd\" target=\"_blank\" rel=\"noopener\"><img decoding=\"async\" src=\"http:\/\/buscatextual.cnpq.br\/buscatextual\/images\/v2\/isi.gif\" \/><span class=\"numero-citacao\" data-tipo-ordenacao=\"1\">6<\/span><\/a><a class=\"citacaoTip\" href=\"http:\/\/www.scopus.com\/scopus\/inward\/citedby.url?partnerID=bb5nvXTn&amp;rel=R6.0.0&amp;doi=10.1007\/s11270-016-3078-6&amp;md5=3710129d2969c419d711068b2011c39c\" target=\"_blank\" rel=\"noopener\"><span class=\"separador-citacoes\">|<\/span><img decoding=\"async\" src=\"http:\/\/buscatextual.cnpq.br\/buscatextual\/images\/v2\/scopus.png\" \/><span class=\"numero-citacao\" data-tipo-ordenacao=\"3\">3<\/span><\/a><\/li>\n<li>DOS SANTOS, VANESSA CRISTINA GON\u00c7ALVES ; <a class=\"tooltip\" tabindex=\"176\" title=\"Clique para visualizar o curr\u00edculo\" href=\"http:\/\/lattes.cnpq.br\/2575554403814311\" target=\"_blank\" rel=\"noopener\">GRASSI, Marco Tadeu<\/a>\u00a0; Abate, Gilberto . Sorption of Hg(II) by modified K10 montmorillonite: Influence of pH, ionic strength and the treatment with different cations. Geoderma (Amsterdam)<sup><img decoding=\"async\" id=\"00167061_14\" class=\"ajaxJCR jcrTip\" style=\"background: none 0px 0px repeat scroll transparent; border: 0px none; font-size: 11px; margin: 0px; padding: 0px; outline: none 0px; vertical-align: baseline; text-align: left;\" src=\"http:\/\/buscatextual.cnpq.br\/buscatextual\/images\/curriculo\/jcr.gif\" data-issn=\"00167061\" \/><\/sup>, v. 237-238, p. 129-136, 2015.<br \/>\n<b class=\"label-citacoes\">Cita\u00e7\u00f5es:<\/b><a class=\"citacaoTip\" href=\"http:\/\/gateway.webofknowledge.com\/gateway\/Gateway.cgi?GWVersion=2&amp;SrcApp=PARTNER_APP&amp;SrcAuth=LinksAMR&amp;KeyUT=WOS:000344211700013&amp;DestLinkType=CitingArticles&amp;DestApp=ALL_WOS&amp;UsrCustomerID=83e8e710a8e621f095e069bfe7c1e2bd\" target=\"_blank\" rel=\"noopener\"><img decoding=\"async\" src=\"http:\/\/buscatextual.cnpq.br\/buscatextual\/images\/v2\/isi.gif\" \/><span class=\"numero-citacao\" data-tipo-ordenacao=\"1\">3<\/span><\/a><a class=\"citacaoTip\" href=\"http:\/\/www.scopus.com\/scopus\/inward\/citedby.url?partnerID=bb5nvXTn&amp;rel=R6.0.0&amp;doi=10.1016\/j.geoderma.2014.08.018&amp;md5=9404771f3bb7c58a263186208be7f6d2\" target=\"_blank\" rel=\"noopener\"><span class=\"separador-citacoes\">|<\/span><img decoding=\"async\" src=\"http:\/\/buscatextual.cnpq.br\/buscatextual\/images\/v2\/scopus.png\" \/><span class=\"numero-citacao\" data-tipo-ordenacao=\"3\">5<\/span><\/a><\/li>\n<li>Bolognesi, L. ; dos Santos, E.J. ; Abate, Gilberto . Determination of formaldehyde by flow injection analysis with spectrophotometric detection exploiting brilliant green?sulphite reaction. Chemical Papers (Print)<sup><img decoding=\"async\" id=\"03666352_15\" class=\"ajaxJCR jcrTip\" style=\"background: none 0px 0px repeat scroll transparent; border: 0px none; font-size: 11px; margin: 0px; padding: 0px; outline: none 0px; vertical-align: baseline; text-align: left;\" src=\"http:\/\/buscatextual.cnpq.br\/buscatextual\/images\/curriculo\/jcr.gif\" data-issn=\"03666352\" \/><\/sup>, v. 69, p. 791-798, 2015.<br \/>\n<b class=\"label-citacoes\">Cita\u00e7\u00f5es:<\/b><a class=\"citacaoTip\" href=\"http:\/\/gateway.webofknowledge.com\/gateway\/Gateway.cgi?GWVersion=2&amp;SrcApp=PARTNER_APP&amp;SrcAuth=LinksAMR&amp;KeyUT=WOS:000351636300003&amp;DestLinkType=CitingArticles&amp;DestApp=ALL_WOS&amp;UsrCustomerID=83e8e710a8e621f095e069bfe7c1e2bd\" target=\"_blank\" rel=\"noopener\"><img decoding=\"async\" src=\"http:\/\/buscatextual.cnpq.br\/buscatextual\/images\/v2\/isi.gif\" \/><span class=\"numero-citacao\" data-tipo-ordenacao=\"1\">2<\/span><\/a><a class=\"citacaoTip\" href=\"http:\/\/www.scopus.com\/scopus\/inward\/citedby.url?partnerID=bb5nvXTn&amp;rel=R6.0.0&amp;doi=null&amp;md5=f8a2d9f8af7e0fb17f9968fbbee28b49\" target=\"_blank\" rel=\"noopener\"><span class=\"separador-citacoes\">|<\/span><img decoding=\"async\" src=\"http:\/\/buscatextual.cnpq.br\/buscatextual\/images\/v2\/scopus.png\" \/><span class=\"numero-citacao\" data-tipo-ordenacao=\"3\">4<\/span><\/a><b><\/b><\/li>\n<li>CHOSTAK, CRISTIANO L. ; CAMPOS, M\u00d4NICA S. DE ; SILVA, SIMONE B. DA ; Abate, Gilberto ; <a class=\"tooltip\" tabindex=\"178\" href=\"http:\/\/lattes.cnpq.br\/2575554403814311\" target=\"_blank\" rel=\"noopener\">GRASSI, MARCO T.<\/a>\u00a0. MODIFIED DGT DEVICES USING ALTERNATIVE MATERIALS FOR THE SPECIATION OF TRACE ELEMENTS IN NATURAL WATERS. Qu\u00edmica Nova (Impresso)<sup><img decoding=\"async\" id=\"01004042_16\" class=\"ajaxJCR jcrTip\" style=\"background: none 0px 0px repeat scroll transparent; border: 0px none; font-size: 11px; margin: 0px; padding: 0px; outline: none 0px; vertical-align: baseline; text-align: left;\" src=\"http:\/\/buscatextual.cnpq.br\/buscatextual\/images\/curriculo\/jcr.gif\" data-issn=\"01004042\" \/><\/sup>, v. 38, p. 356-363, 2015.<br \/>\n<b class=\"label-citacoes\">Cita\u00e7\u00f5es:<\/b><a class=\"citacaoTip\" href=\"http:\/\/gateway.webofknowledge.com\/gateway\/Gateway.cgi?GWVersion=2&amp;SrcApp=PARTNER_APP&amp;SrcAuth=LinksAMR&amp;KeyUT=WOS:000354781600011&amp;DestLinkType=CitingArticles&amp;DestApp=ALL_WOS&amp;UsrCustomerID=83e8e710a8e621f095e069bfe7c1e2bd\" target=\"_blank\" rel=\"noopener\"><img decoding=\"async\" src=\"http:\/\/buscatextual.cnpq.br\/buscatextual\/images\/v2\/isi.gif\" \/><span class=\"numero-citacao\" data-tipo-ordenacao=\"1\">1<\/span><\/a><a class=\"citacaoTip\" href=\"http:\/\/www.scopus.com\/scopus\/inward\/citedby.url?partnerID=bb5nvXTn&amp;rel=R6.0.0&amp;doi=10.5935\/0100-4042.20150016&amp;md5=ab7241ad411d48dea2382e77ff0c8094\" target=\"_blank\" rel=\"noopener\"><span class=\"separador-citacoes\">|<\/span><img decoding=\"async\" src=\"http:\/\/buscatextual.cnpq.br\/buscatextual\/images\/v2\/scopus.png\" \/><span class=\"numero-citacao\" data-tipo-ordenacao=\"3\">1<\/span><\/a><\/li>\n<li>DOS SANTOS, VANESSA CRISTINA GON\u00c7ALVES ; <a class=\"tooltip\" tabindex=\"180\" title=\"Clique para visualizar o curr\u00edculo\" href=\"http:\/\/lattes.cnpq.br\/2575554403814311\" target=\"_blank\" rel=\"noopener\">GRASSI, Marco Tadeu<\/a>\u00a0; Abate, Gilberto . Speciation of Antimony(III) and Antimony(V) in Bottled Water by Hydride Generation-Inductively Coupled Plasma Optical Emission Spectrometry. Analytical Letters<sup><img decoding=\"async\" id=\"00032719_17\" class=\"ajaxJCR jcrTip\" style=\"background: none 0px 0px repeat scroll transparent; border: 0px none; font-size: 11px; margin: 0px; padding: 0px; outline: none 0px; vertical-align: baseline; text-align: left;\" src=\"http:\/\/buscatextual.cnpq.br\/buscatextual\/images\/curriculo\/jcr.gif\" data-issn=\"00032719\" \/><\/sup>, v. 48, p. 2921-2935, 2015.<br \/>\n<b class=\"label-citacoes\">Cita\u00e7\u00f5es:<\/b><a class=\"citacaoTip\" href=\"http:\/\/gateway.webofknowledge.com\/gateway\/Gateway.cgi?GWVersion=2&amp;SrcApp=PARTNER_APP&amp;SrcAuth=LinksAMR&amp;KeyUT=WOS:000361189900010&amp;DestLinkType=CitingArticles&amp;DestApp=ALL_WOS&amp;UsrCustomerID=83e8e710a8e621f095e069bfe7c1e2bd\" target=\"_blank\" rel=\"noopener\"><img decoding=\"async\" src=\"http:\/\/buscatextual.cnpq.br\/buscatextual\/images\/v2\/isi.gif\" \/><span class=\"numero-citacao\" data-tipo-ordenacao=\"1\">2<\/span><\/a><a class=\"citacaoTip\" href=\"http:\/\/www.scopus.com\/scopus\/inward\/citedby.url?partnerID=bb5nvXTn&amp;rel=R6.0.0&amp;doi=10.1080\/00032719.2015.1052971&amp;md5=05d273d27057ec23414b7db1bf201535\" target=\"_blank\" rel=\"noopener\"><span class=\"separador-citacoes\">|<\/span><img decoding=\"async\" src=\"http:\/\/buscatextual.cnpq.br\/buscatextual\/images\/v2\/scopus.png\" \/><span class=\"numero-citacao\" data-tipo-ordenacao=\"3\">3<\/span><\/a><\/li>\n<li>REBELO, ANDREY M. ; DOLZAN, MARESSA D. ; HELLER, MELINA ; DESCHAMPS, FRANCISCO C. ; Abate, Gilberto ; MICKE, GUSTAVO A. ; <a class=\"tooltip\" tabindex=\"182\" title=\"Clique para visualizar o curr\u00edculo\" href=\"http:\/\/lattes.cnpq.br\/2575554403814311\" target=\"_blank\" rel=\"noopener\">GRASSI, MARCO T.<\/a>\u00a0. Simultaneous Determination of Herbicides in Rice by QuEChERS and LC-MS\/MS Using Matrix-Matched Calibration. Journal of the Brazilian Chemical Society (Impresso)<sup><img decoding=\"async\" id=\"01035053_18\" class=\"ajaxJCR jcrTip\" style=\"background: none 0px 0px repeat scroll transparent; border: 0px none; font-size: 11px; margin: 0px; padding: 0px; outline: none 0px; vertical-align: baseline; text-align: left;\" src=\"http:\/\/buscatextual.cnpq.br\/buscatextual\/images\/curriculo\/jcr.gif\" data-issn=\"01035053\" \/><\/sup>, v. 27, p. 186-193, 2015.<br \/>\n<b class=\"label-citacoes\">Cita\u00e7\u00f5es:<\/b><a class=\"citacaoTip\" href=\"http:\/\/gateway.webofknowledge.com\/gateway\/Gateway.cgi?GWVersion=2&amp;SrcApp=PARTNER_APP&amp;SrcAuth=LinksAMR&amp;KeyUT=WOS:000369153700022&amp;DestLinkType=CitingArticles&amp;DestApp=ALL_WOS&amp;UsrCustomerID=83e8e710a8e621f095e069bfe7c1e2bd\" target=\"_blank\" rel=\"noopener\"><img decoding=\"async\" src=\"http:\/\/buscatextual.cnpq.br\/buscatextual\/images\/v2\/isi.gif\" \/><span class=\"numero-citacao\" data-tipo-ordenacao=\"1\">1<\/span><\/a><a class=\"citacaoTip\" href=\"http:\/\/www.scopus.com\/scopus\/inward\/citedby.url?partnerID=bb5nvXTn&amp;rel=R6.0.0&amp;doi=10.5935\/0103-5053.20150269&amp;md5=9afc1a3118b8b4ffd0b6517fd9c155f2\" target=\"_blank\" rel=\"noopener\"><span class=\"separador-citacoes\">|<\/span><img decoding=\"async\" src=\"http:\/\/buscatextual.cnpq.br\/buscatextual\/images\/v2\/scopus.png\" \/><span class=\"numero-citacao\" data-tipo-ordenacao=\"3\">4<\/span><\/a><\/li>\n<\/ol>\n<p>&nbsp;<\/p>\n<\/div>\n<\/div>\n<\/div>\n<\/div><\/div><\/div><\/div><\/div>","protected":false},"excerpt":{"rendered":"<p>NUNES, MARCELO CARPES ; DOS SANTOS CARLOS, FABIANE ; FUGANTI, OT\u00c1VIO ; GALINDO, DANYELLEN DHEYNIFFER MONTEIRO ; DE BONI, LEONARDO ; Abate, Gilberto ; NUNES, F\u00c1BIO SOUZA . Turn-on fluorescence study of a highly selective acridine-based chemosensor for Zn2+ in aqueous solutions. INORGANICA CHIMICA ACTA, v. 499, p. 119191, 2020. OLIVEIRA PEREIRA, ERICO A. ;&hellip;<\/p>\n","protected":false},"author":1,"featured_media":0,"parent":0,"menu_order":0,"comment_status":"closed","ping_status":"closed","template":"page-templates\/full-width.php","meta":{"footnotes":""},"class_list":["post-28","page","type-page","status-publish","hentry"],"_links":{"self":[{"href":"http:\/\/www.quimica.ufpr.br\/paginas\/gilberto-abate\/wp-json\/wp\/v2\/pages\/28","targetHints":{"allow":["GET"]}}],"collection":[{"href":"http:\/\/www.quimica.ufpr.br\/paginas\/gilberto-abate\/wp-json\/wp\/v2\/pages"}],"about":[{"href":"http:\/\/www.quimica.ufpr.br\/paginas\/gilberto-abate\/wp-json\/wp\/v2\/types\/page"}],"author":[{"embeddable":true,"href":"http:\/\/www.quimica.ufpr.br\/paginas\/gilberto-abate\/wp-json\/wp\/v2\/users\/1"}],"replies":[{"embeddable":true,"href":"http:\/\/www.quimica.ufpr.br\/paginas\/gilberto-abate\/wp-json\/wp\/v2\/comments?post=28"}],"version-history":[{"count":1,"href":"http:\/\/www.quimica.ufpr.br\/paginas\/gilberto-abate\/wp-json\/wp\/v2\/pages\/28\/revisions"}],"predecessor-version":[{"id":29,"href":"http:\/\/www.quimica.ufpr.br\/paginas\/gilberto-abate\/wp-json\/wp\/v2\/pages\/28\/revisions\/29"}],"wp:attachment":[{"href":"http:\/\/www.quimica.ufpr.br\/paginas\/gilberto-abate\/wp-json\/wp\/v2\/media?parent=28"}],"curies":[{"name":"wp","href":"https:\/\/api.w.org\/{rel}","templated":true}]}}