{"id":8,"date":"2016-04-15T16:23:47","date_gmt":"2016-04-15T19:23:47","guid":{"rendered":"http:\/\/www.quimica.ufpr.br\/paginas\/departamento\/?page_id=8"},"modified":"2025-08-04T14:39:34","modified_gmt":"2025-08-04T17:39:34","slug":"pagina-inicial","status":"publish","type":"page","link":"http:\/\/www.quimica.ufpr.br\/paginas\/departamento\/","title":{"rendered":"In\u00edcio"},"content":{"rendered":"<div id=\"pl-8\"  class=\"panel-layout\" ><div id=\"pg-8-0\"  class=\"panel-grid panel-no-style\" ><div id=\"pgc-8-0-0\"  class=\"panel-grid-cell\" ><div id=\"panel-8-0-0-0\" class=\"so-panel widget widget_category-posts cat-post-widget panel-first-child panel-last-child\" data-index=\"0\" ><h3 class=\"widget-title\">NOT\u00cdCIAS<\/h3><ul id=\"category-posts-1-internal\" class=\"category-posts-internal\">\n<li class='cat-post-item'><div><a class=\"cat-post-title\" href=\"http:\/\/www.quimica.ufpr.br\/paginas\/departamento\/concursos-2026\/\" rel=\"bookmark\">Concursos 2026<\/a><\/div><div><p class=\"cpwp-excerpt-text\">Foram publicizados os editais e demais informa\u00e7\u00f5es do Concurso P\u00fablico para professor da Carreira do Magist\u00e9rio Superior na \u00c1rea de Qu\u00edmica Org\u00e2nica. (atualizado em 13\/04\/2026)\u00a0<\/p><\/div><\/li><li class='cat-post-item'><div><a class=\"cat-post-title\" href=\"http:\/\/www.quimica.ufpr.br\/paginas\/departamento\/tratamento-de-residuos\/\" rel=\"bookmark\">Tratamento de Res\u00edduos<\/a><\/div><div><p class=\"cpwp-excerpt-text\">Fluxograma e manual de tratamento de res\u00edduos no DQUI<\/p><\/div><\/li><\/ul>\n<\/div><\/div><div id=\"pgc-8-0-1\"  class=\"panel-grid-cell\" ><div id=\"panel-8-0-1-0\" class=\"so-panel widget widget_sow-editor panel-first-child\" data-index=\"1\" ><div\n\t\t\t\n\t\t\tclass=\"so-widget-sow-editor so-widget-sow-editor-base\"\n\t\t\t\n\t\t><h3 class=\"widget-title\">CALEND\u00c1RIO ACAD\u00caMICO<\/h3>\n<div class=\"siteorigin-widget-tinymce textwidget\">\n\t<p><a href=\"http:\/\/www.prograd.ufpr.br\/portal\/calendario-academico\/\">A PROGRAD disponibiliza para toda a comunidade acad\u00eamica da UFPR os documentos que norteiam o calend\u00e1rio acad\u00eamico.<\/a><\/p>\n<\/div>\n<\/div><\/div><div id=\"panel-8-0-1-1\" class=\"so-panel widget widget_sow-editor panel-last-child\" data-index=\"2\" ><div\n\t\t\t\n\t\t\tclass=\"so-widget-sow-editor so-widget-sow-editor-base\"\n\t\t\t\n\t\t><h3 class=\"widget-title\">ENSALAMENTO<\/h3>\n<div class=\"siteorigin-widget-tinymce textwidget\">\n\t<p><a href=\"https:\/\/exatas.ufpr.br\/ensalamento\/\">AQUI<\/a><\/p>\n<p>Localiza\u00e7\u00e3o das salas: <a href=\"https:\/\/www.google.com\/maps\/d\/u\/0\/viewer?mid=1EXrw0vF7Fyhh8w-0CuivKUIw1Gv1Nlc&amp;ll=-25.44986490812011%2C-49.233196&amp;z=16\">Google Maps<\/a> ou <a href=\"http:\/\/www.ambiental.ufpr.br\/portal\/wp-content\/uploads\/2014\/04\/Proj_mapa_poli_arcgis_v10.pdf\">MAPA<\/a><\/p>\n<p><em>Atualizado em 04\/08\/2025 - 14:40<\/em><\/p>\n<\/div>\n<\/div><\/div><\/div><\/div><\/div>","protected":false},"excerpt":{"rendered":"<div id=\"pl-8\"  class=\"panel-layout\"><div id=\"pg-8-0\"  class=\"panel-grid panel-no-style\"><div id=\"pgc-8-0-0\"  class=\"panel-grid-cell\"><div id=\"panel-8-0-0-0\" class=\"so-panel widget widget_category-posts cat-post-widget panel-first-child panel-last-child\" data-index=\"0\"><h3 class=\"widget-title\">NOT\u00cdCIAS<\/h3><ul id=\"category-posts-1-internal\" class=\"category-posts-internal\">\n<li class='cat-post-item'><div><a class=\"cat-post-title\" href=\"http:\/\/www.quimica.ufpr.br\/paginas\/departamento\/concursos-2026\/\" rel=\"bookmark\">Concursos 2026<\/a><\/div><div><p class=\"cpwp-excerpt-text\">Foram publicizados os editais e demais informa\u00e7\u00f5es do Concurso P\u00fablico para professor da Carreira do Magist\u00e9rio Superior <\/p><\/div><\/li><\/ul><\/div><\/div><\/div><\/div>&hellip;","protected":false},"author":1,"featured_media":0,"parent":0,"menu_order":0,"comment_status":"closed","ping_status":"closed","template":"","meta":{"footnotes":""},"class_list":["post-8","page","type-page","status-publish","hentry"],"_links":{"self":[{"href":"http:\/\/www.quimica.ufpr.br\/paginas\/departamento\/wp-json\/wp\/v2\/pages\/8","targetHints":{"allow":["GET"]}}],"collection":[{"href":"http:\/\/www.quimica.ufpr.br\/paginas\/departamento\/wp-json\/wp\/v2\/pages"}],"about":[{"href":"http:\/\/www.quimica.ufpr.br\/paginas\/departamento\/wp-json\/wp\/v2\/types\/page"}],"author":[{"embeddable":true,"href":"http:\/\/www.quimica.ufpr.br\/paginas\/departamento\/wp-json\/wp\/v2\/users\/1"}],"replies":[{"embeddable":true,"href":"http:\/\/www.quimica.ufpr.br\/paginas\/departamento\/wp-json\/wp\/v2\/comments?post=8"}],"version-history":[{"count":86,"href":"http:\/\/www.quimica.ufpr.br\/paginas\/departamento\/wp-json\/wp\/v2\/pages\/8\/revisions"}],"predecessor-version":[{"id":2432,"href":"http:\/\/www.quimica.ufpr.br\/paginas\/departamento\/wp-json\/wp\/v2\/pages\/8\/revisions\/2432"}],"wp:attachment":[{"href":"http:\/\/www.quimica.ufpr.br\/paginas\/departamento\/wp-json\/wp\/v2\/media?parent=8"}],"curies":[{"name":"wp","href":"https:\/\/api.w.org\/{rel}","templated":true}]}}