{"id":2437,"date":"2025-08-08T10:24:35","date_gmt":"2025-08-08T13:24:35","guid":{"rendered":"https:\/\/www.quimica.ufpr.br\/paginas\/departamento\/?page_id=2437"},"modified":"2025-08-08T10:24:35","modified_gmt":"2025-08-08T13:24:35","slug":"ementas","status":"publish","type":"page","link":"http:\/\/www.quimica.ufpr.br\/paginas\/departamento\/ementas\/","title":{"rendered":"Ementas"},"content":{"rendered":"<p>Poder\u00e1 localizar e baixar as ementas no link a seguir:<\/p>\n<p><a href=\"https:\/\/transparencia.ufpr.br\/public\/dadosAcademicos\/graduacao_disciplinas.jsf\">https:\/\/transparencia.ufpr.br\/public\/dadosAcademicos\/graduacao_disciplinas.jsf<\/a><\/p>\n<p>O documento baixado vir\u00e1 com um c\u00f3digo de autentica\u00e7\u00e3o.<\/p>\n<p>Disciplinas mais antigas ou de outros curr\u00edculos podem n\u00e3o estar dispon\u00edveis, nesse caso solicite atrav\u00e9s de dqui@ufpr.br, informando se precisa entregar em outra institui\u00e7\u00e3o ou se \u00e9 somente para consulta.<\/p>\n","protected":false},"excerpt":{"rendered":"<p>Poder\u00e1 localizar e baixar as ementas no link a seguir: https:\/\/transparencia.ufpr.br\/public\/dadosAcademicos\/graduacao_disciplinas.jsf O documento baixado vir\u00e1 com um c\u00f3digo de autentica\u00e7\u00e3o. Disciplinas mais antigas ou de outros curr\u00edculos podem n\u00e3o estar dispon\u00edveis, nesse caso solicite atrav\u00e9s de dqui@ufpr.br, informando se precisa entregar em outra institui\u00e7\u00e3o ou se \u00e9 somente para consulta.<\/p>\n","protected":false},"author":33,"featured_media":0,"parent":0,"menu_order":0,"comment_status":"closed","ping_status":"closed","template":"","meta":{"footnotes":""},"class_list":["post-2437","page","type-page","status-publish","hentry"],"_links":{"self":[{"href":"http:\/\/www.quimica.ufpr.br\/paginas\/departamento\/wp-json\/wp\/v2\/pages\/2437","targetHints":{"allow":["GET"]}}],"collection":[{"href":"http:\/\/www.quimica.ufpr.br\/paginas\/departamento\/wp-json\/wp\/v2\/pages"}],"about":[{"href":"http:\/\/www.quimica.ufpr.br\/paginas\/departamento\/wp-json\/wp\/v2\/types\/page"}],"author":[{"embeddable":true,"href":"http:\/\/www.quimica.ufpr.br\/paginas\/departamento\/wp-json\/wp\/v2\/users\/33"}],"replies":[{"embeddable":true,"href":"http:\/\/www.quimica.ufpr.br\/paginas\/departamento\/wp-json\/wp\/v2\/comments?post=2437"}],"version-history":[{"count":1,"href":"http:\/\/www.quimica.ufpr.br\/paginas\/departamento\/wp-json\/wp\/v2\/pages\/2437\/revisions"}],"predecessor-version":[{"id":2438,"href":"http:\/\/www.quimica.ufpr.br\/paginas\/departamento\/wp-json\/wp\/v2\/pages\/2437\/revisions\/2438"}],"wp:attachment":[{"href":"http:\/\/www.quimica.ufpr.br\/paginas\/departamento\/wp-json\/wp\/v2\/media?parent=2437"}],"curies":[{"name":"wp","href":"https:\/\/api.w.org\/{rel}","templated":true}]}}