{"id":20,"date":"2016-04-15T13:27:21","date_gmt":"2016-04-15T16:27:21","guid":{"rendered":"http:\/\/www.quimica.ufpr.br\/paginas\/departamento\/?page_id=20"},"modified":"2020-06-15T12:22:24","modified_gmt":"2020-06-15T15:22:24","slug":"formularios-documentos","status":"publish","type":"page","link":"http:\/\/www.quimica.ufpr.br\/paginas\/departamento\/formularios-documentos\/","title":{"rendered":"Formul\u00e1rios &amp; Documentos"},"content":{"rendered":"<div id=\"pl-20\" class=\"panel-layout\">\n<div id=\"pg-20-0\" class=\"panel-grid panel-no-style\">\n<div id=\"pgc-20-0-0\" class=\"panel-grid-cell\">\n<div id=\"panel-20-0-0-0\" class=\"so-panel widget widget_sow-editor panel-first-child panel-last-child\">\n<div class=\"so-widget-sow-editor so-widget-sow-editor-base\">\n<div class=\"siteorigin-widget-tinymce textwidget\">\n<ul>\n<li>Acesso biom\u00e9trico no DQUI <a href=\"http:\/\/www.quimica.ufpr.br\/paginas\/departamento\/wp-content\/uploads\/sites\/15\/2018\/10\/ACESSO-BIOMETRICO-NO-DEPARTAMENTO-DE-QUIMICA.pdf\">[PDF]<\/a><\/li>\n<li>Requerimento para 2\u00aa chamada de provas <a href=\"http:\/\/www.quimica.ufpr.br\/paginas\/departamento\/wp-content\/uploads\/sites\/15\/2019\/05\/ReqSegChamada2019.pdf\">[PDF] <\/a><\/li>\n<li>Requerimento para matr\u00edcula em disciplina Isolada ou Eletiva [ <a href=\"http:\/\/www.prograd.ufpr.br\/portal\/copap\/formularios\/\">AQUI <\/a>]<\/li>\n<li>Formul\u00e1rio de Requisi\u00e7\u00e3o de An\u00e1lise STA <a href=\"http:\/\/www.quimica.ufpr.br\/paginas\/departamento\/wp-content\/uploads\/sites\/15\/2019\/02\/requisicao_sta-DQUI.doc\">[ DOC ]<\/a><\/li>\n<\/ul>\n<\/div>\n<\/div>\n<\/div>\n<\/div>\n<\/div>\n<\/div>\n","protected":false},"excerpt":{"rendered":"<p>Acesso biom\u00e9trico no DQUI [PDF] Requerimento para 2\u00aa chamada de provas [PDF] Requerimento para matr\u00edcula em disciplina Isolada ou Eletiva [ AQUI ] Formul\u00e1rio de Requisi\u00e7\u00e3o de An\u00e1lise STA [ DOC ]<\/p>\n","protected":false},"author":1,"featured_media":0,"parent":0,"menu_order":0,"comment_status":"closed","ping_status":"closed","template":"","meta":{"footnotes":""},"class_list":["post-20","page","type-page","status-publish","hentry"],"_links":{"self":[{"href":"http:\/\/www.quimica.ufpr.br\/paginas\/departamento\/wp-json\/wp\/v2\/pages\/20","targetHints":{"allow":["GET"]}}],"collection":[{"href":"http:\/\/www.quimica.ufpr.br\/paginas\/departamento\/wp-json\/wp\/v2\/pages"}],"about":[{"href":"http:\/\/www.quimica.ufpr.br\/paginas\/departamento\/wp-json\/wp\/v2\/types\/page"}],"author":[{"embeddable":true,"href":"http:\/\/www.quimica.ufpr.br\/paginas\/departamento\/wp-json\/wp\/v2\/users\/1"}],"replies":[{"embeddable":true,"href":"http:\/\/www.quimica.ufpr.br\/paginas\/departamento\/wp-json\/wp\/v2\/comments?post=20"}],"version-history":[{"count":23,"href":"http:\/\/www.quimica.ufpr.br\/paginas\/departamento\/wp-json\/wp\/v2\/pages\/20\/revisions"}],"predecessor-version":[{"id":1761,"href":"http:\/\/www.quimica.ufpr.br\/paginas\/departamento\/wp-json\/wp\/v2\/pages\/20\/revisions\/1761"}],"wp:attachment":[{"href":"http:\/\/www.quimica.ufpr.br\/paginas\/departamento\/wp-json\/wp\/v2\/media?parent=20"}],"curies":[{"name":"wp","href":"https:\/\/api.w.org\/{rel}","templated":true}]}}