{"id":18,"date":"2016-04-15T13:26:56","date_gmt":"2016-04-15T16:26:56","guid":{"rendered":"http:\/\/www.quimica.ufpr.br\/paginas\/departamento\/?page_id=18"},"modified":"2025-04-24T10:51:33","modified_gmt":"2025-04-24T13:51:33","slug":"contato","status":"publish","type":"page","link":"http:\/\/www.quimica.ufpr.br\/paginas\/departamento\/contato\/","title":{"rendered":"Contato"},"content":{"rendered":"<div id=\"pl-18\"  class=\"panel-layout\" ><div id=\"pg-18-0\"  class=\"panel-grid panel-no-style\" ><div id=\"pgc-18-0-0\"  class=\"panel-grid-cell\" ><div id=\"panel-18-0-0-0\" class=\"so-panel widget widget_sow-editor panel-first-child\" data-index=\"0\" ><div\n\t\t\t\n\t\t\tclass=\"so-widget-sow-editor so-widget-sow-editor-base\"\n\t\t\t\n\t\t>\n<div class=\"siteorigin-widget-tinymce textwidget\">\n\t<p style=\"text-align: center\"><strong>Universidade Federal do Paran\u00e1<\/strong><\/p>\n<p style=\"text-align: center\"><strong>Departamento de Qu\u00edmica<\/strong><\/p>\n<p style=\"text-align: center\">Centro Polit\u00e9cnico - Jardim das Am\u00e9ricas<\/p>\n<p style=\"text-align: center\">CEP - 81.531-980 - Caixa Postal 19032<\/p>\n<p style=\"text-align: center\">Curitiba - Paran\u00e1 - Brasil<\/p>\n<p style=\"text-align: center\"><i class=\"fa fa-phone\" aria-hidden=\"true\"><\/i> <a href=\"tel:3361-3396\"> <!-- 55 (41) 3361-3396 --> <\/a>   O Departamento est\u00e1 sem telefone no momento <\/p>\n<p style=\"text-align: center\"><i class=\"fa fa-envelope\" aria-hidden=\"true\"><\/i> <a href=\"mailto:dqui@ufpr.br\">dqui@ufpr.br<\/a><\/p>\n<p>&nbsp;<\/p>\n<p><span style=\"color: red\">OBS: Ao enviar correspond\u00eancia direcionada ao DQUI identificar expressamente no endere\u00e7o \"Departamento de Qu\u00edmica\". Como a caixa postal \u00e9 geral da Universidade, a correspond\u00eancia sem essa identifica\u00e7\u00e3o poder\u00e1 demorar para chegar ou acabar sendo direcionada para um local errado.<\/span><\/p>\n<\/div>\n<\/div><\/div><div id=\"panel-18-0-0-1\" class=\"so-panel widget panel-last-child\" data-index=\"1\" ><\/div><\/div><\/div><\/div>","protected":false},"excerpt":{"rendered":"<p>Universidade Federal do Paran\u00e1 Departamento de Qu\u00edmica Centro Polit\u00e9cnico &#8211; Jardim das Am\u00e9ricas CEP &#8211; 81.531-980 &#8211; Caixa Postal 19032 Curitiba &#8211; Paran\u00e1 &#8211; Brasil O Departamento est\u00e1 sem telefone no momento dqui@ufpr.br &nbsp; OBS: Ao enviar correspond\u00eancia direcionada ao DQUI identificar expressamente no endere\u00e7o &#8220;Departamento de Qu\u00edmica&#8221;. Como a caixa postal \u00e9 geral da [&hellip;]<\/p>\n","protected":false},"author":1,"featured_media":0,"parent":0,"menu_order":0,"comment_status":"closed","ping_status":"closed","template":"","meta":{"footnotes":""},"class_list":["post-18","page","type-page","status-publish","hentry"],"_links":{"self":[{"href":"http:\/\/www.quimica.ufpr.br\/paginas\/departamento\/wp-json\/wp\/v2\/pages\/18","targetHints":{"allow":["GET"]}}],"collection":[{"href":"http:\/\/www.quimica.ufpr.br\/paginas\/departamento\/wp-json\/wp\/v2\/pages"}],"about":[{"href":"http:\/\/www.quimica.ufpr.br\/paginas\/departamento\/wp-json\/wp\/v2\/types\/page"}],"author":[{"embeddable":true,"href":"http:\/\/www.quimica.ufpr.br\/paginas\/departamento\/wp-json\/wp\/v2\/users\/1"}],"replies":[{"embeddable":true,"href":"http:\/\/www.quimica.ufpr.br\/paginas\/departamento\/wp-json\/wp\/v2\/comments?post=18"}],"version-history":[{"count":54,"href":"http:\/\/www.quimica.ufpr.br\/paginas\/departamento\/wp-json\/wp\/v2\/pages\/18\/revisions"}],"predecessor-version":[{"id":2427,"href":"http:\/\/www.quimica.ufpr.br\/paginas\/departamento\/wp-json\/wp\/v2\/pages\/18\/revisions\/2427"}],"wp:attachment":[{"href":"http:\/\/www.quimica.ufpr.br\/paginas\/departamento\/wp-json\/wp\/v2\/media?parent=18"}],"curies":[{"name":"wp","href":"https:\/\/api.w.org\/{rel}","templated":true}]}}