{"id":10,"date":"2016-04-15T16:24:16","date_gmt":"2016-04-15T19:24:16","guid":{"rendered":"http:\/\/www.quimica.ufpr.br\/paginas\/departamento\/?page_id=10"},"modified":"2026-04-01T10:16:33","modified_gmt":"2026-04-01T13:16:33","slug":"estrutura-administrativa","status":"publish","type":"page","link":"http:\/\/www.quimica.ufpr.br\/paginas\/departamento\/estrutura-administrativa\/","title":{"rendered":"Estrutura Administrativa"},"content":{"rendered":"<div id=\"pl-10\"  class=\"panel-layout\" ><div id=\"pg-10-0\"  class=\"panel-grid panel-no-style\" ><div id=\"pgc-10-0-0\"  class=\"panel-grid-cell panel-grid-cell-mobile-last\" ><div id=\"panel-10-0-0-0\" class=\"so-panel widget widget_sow-editor panel-first-child panel-last-child\" data-index=\"0\" ><div class=\"panel-widget-style panel-widget-style-for-10-0-0-0\" ><div\n\t\t\t\n\t\t\tclass=\"so-widget-sow-editor so-widget-sow-editor-base\"\n\t\t\t\n\t\t>\n<div class=\"siteorigin-widget-tinymce textwidget\">\n\t<h2 style=\"text-align: right\"><strong>CHEFE<\/strong><\/h2>\n<p style=\"text-align: right\">Prof. Dr. Paulo Henrique Gorgatti Zarbin<\/p>\n<p style=\"text-align: right\"><em>pzarbin@ufpr.br<\/em><\/p>\n<\/div>\n<\/div><\/div><\/div><\/div><div id=\"pgc-10-0-1\"  class=\"panel-grid-cell panel-grid-cell-empty\" ><\/div><\/div><div id=\"pg-10-1\"  class=\"panel-grid panel-no-style\" ><div id=\"pgc-10-1-0\"  class=\"panel-grid-cell\" ><div id=\"panel-10-1-0-0\" class=\"so-panel widget widget_sow-editor panel-first-child\" data-index=\"1\" ><div class=\"panel-widget-style panel-widget-style-for-10-1-0-0\" ><div\n\t\t\t\n\t\t\tclass=\"so-widget-sow-editor so-widget-sow-editor-base\"\n\t\t\t\n\t\t>\n<div class=\"siteorigin-widget-tinymce textwidget\">\n\t<h2 style=\"text-align: center\"><strong>Secretaria Administrativa<\/strong><\/h2>\n<p style=\"text-align: center\">Fone: (41) 3361-3396 (estamos sem telefone no momento)<\/p>\n<p style=\"text-align: center\">email: <a href=\"mailto:dqui@ufpr.br\">dqui@ufpr.br<\/a><\/p>\n<\/div>\n<\/div><\/div><\/div><div id=\"panel-10-1-0-1\" class=\"so-panel widget widget_sow-editor panel-last-child\" data-index=\"2\" ><div class=\"panel-widget-style panel-widget-style-for-10-1-0-1\" ><div\n\t\t\t\n\t\t\tclass=\"so-widget-sow-editor so-widget-sow-editor-base\"\n\t\t\t\n\t\t>\n<div class=\"siteorigin-widget-tinymce textwidget\">\n\t<p style=\"text-align: center\"><strong>Assistente em Administra\u00e7\u00e3o<\/strong><\/p>\n<p style=\"text-align: center\">Marco Aur\u00e9lio Lisboa de Miranda<\/p>\n<p style=\"text-align: center\"><strong>Assistente em Administra\u00e7\u00e3o<\/strong><\/p>\n<p style=\"text-align: center\">Lucas de Fran\u00e7a de Campos<\/p>\n<\/div>\n<\/div><\/div><\/div><\/div><\/div><\/div>","protected":false},"excerpt":{"rendered":"<p>CHEFE Prof. Dr. Paulo Henrique Gorgatti Zarbin pzarbin@ufpr.br Secretaria Administrativa Fone: (41) 3361-3396 (estamos sem telefone no momento) email: dqui@ufpr.br Assistente em Administra\u00e7\u00e3o Marco Aur\u00e9lio Lisboa de Miranda Assistente em Administra\u00e7\u00e3o Lucas de Fran\u00e7a de Campos<\/p>\n","protected":false},"author":1,"featured_media":0,"parent":0,"menu_order":0,"comment_status":"closed","ping_status":"closed","template":"","meta":{"footnotes":""},"class_list":["post-10","page","type-page","status-publish","hentry"],"_links":{"self":[{"href":"http:\/\/www.quimica.ufpr.br\/paginas\/departamento\/wp-json\/wp\/v2\/pages\/10","targetHints":{"allow":["GET"]}}],"collection":[{"href":"http:\/\/www.quimica.ufpr.br\/paginas\/departamento\/wp-json\/wp\/v2\/pages"}],"about":[{"href":"http:\/\/www.quimica.ufpr.br\/paginas\/departamento\/wp-json\/wp\/v2\/types\/page"}],"author":[{"embeddable":true,"href":"http:\/\/www.quimica.ufpr.br\/paginas\/departamento\/wp-json\/wp\/v2\/users\/1"}],"replies":[{"embeddable":true,"href":"http:\/\/www.quimica.ufpr.br\/paginas\/departamento\/wp-json\/wp\/v2\/comments?post=10"}],"version-history":[{"count":31,"href":"http:\/\/www.quimica.ufpr.br\/paginas\/departamento\/wp-json\/wp\/v2\/pages\/10\/revisions"}],"predecessor-version":[{"id":2687,"href":"http:\/\/www.quimica.ufpr.br\/paginas\/departamento\/wp-json\/wp\/v2\/pages\/10\/revisions\/2687"}],"wp:attachment":[{"href":"http:\/\/www.quimica.ufpr.br\/paginas\/departamento\/wp-json\/wp\/v2\/media?parent=10"}],"curies":[{"name":"wp","href":"https:\/\/api.w.org\/{rel}","templated":true}]}}