{"id":5,"date":"2016-03-31T16:54:50","date_gmt":"2016-03-31T16:54:50","guid":{"rendered":"http:\/\/www.quimica.ufpr.br\/paginas\/ana-lordello\/?page_id=5"},"modified":"2016-03-31T16:54:50","modified_gmt":"2016-03-31T16:54:50","slug":"inicio","status":"publish","type":"page","link":"http:\/\/www.quimica.ufpr.br\/paginas\/ana-lordello\/","title":{"rendered":"In\u00edcio"},"content":{"rendered":"<ul>\n<li>Graduada em Licenciatura e Bacharelado em Qu\u00edmica pela Universidade Estadual de Londrina ;<\/li>\n<li>Mestre em Qu\u00edmica Org\u00e2nica pela Universidade de S\u00e3o Paulo ;<\/li>\n<li>Doutora em Qu\u00edmica Org\u00e2nica pela Universidade de S\u00e3o Paulo ;<\/li>\n<li>Atualmente \u00e9 Professora do Departamento de Qu\u00edmica da Universidade Federal do Paran\u00e1.<\/li>\n<\/ul>\n","protected":false},"excerpt":{"rendered":"<p>Graduada em Licenciatura e Bacharelado em Qu\u00edmica pela Universidade Estadual de Londrina ; Mestre em Qu\u00edmica Org\u00e2nica pela Universidade de S\u00e3o Paulo ; Doutora em Qu\u00edmica Org\u00e2nica pela Universidade de S\u00e3o Paulo ; Atualmente \u00e9 Professora do Departamento de Qu\u00edmica da Universidade Federal do Paran\u00e1.<\/p>\n","protected":false},"author":1,"featured_media":0,"parent":0,"menu_order":0,"comment_status":"closed","ping_status":"closed","template":"","meta":{"footnotes":""},"class_list":["post-5","page","type-page","status-publish","hentry","post"],"_links":{"self":[{"href":"http:\/\/www.quimica.ufpr.br\/paginas\/ana-lordello\/wp-json\/wp\/v2\/pages\/5","targetHints":{"allow":["GET"]}}],"collection":[{"href":"http:\/\/www.quimica.ufpr.br\/paginas\/ana-lordello\/wp-json\/wp\/v2\/pages"}],"about":[{"href":"http:\/\/www.quimica.ufpr.br\/paginas\/ana-lordello\/wp-json\/wp\/v2\/types\/page"}],"author":[{"embeddable":true,"href":"http:\/\/www.quimica.ufpr.br\/paginas\/ana-lordello\/wp-json\/wp\/v2\/users\/1"}],"replies":[{"embeddable":true,"href":"http:\/\/www.quimica.ufpr.br\/paginas\/ana-lordello\/wp-json\/wp\/v2\/comments?post=5"}],"version-history":[{"count":1,"href":"http:\/\/www.quimica.ufpr.br\/paginas\/ana-lordello\/wp-json\/wp\/v2\/pages\/5\/revisions"}],"predecessor-version":[{"id":6,"href":"http:\/\/www.quimica.ufpr.br\/paginas\/ana-lordello\/wp-json\/wp\/v2\/pages\/5\/revisions\/6"}],"wp:attachment":[{"href":"http:\/\/www.quimica.ufpr.br\/paginas\/ana-lordello\/wp-json\/wp\/v2\/media?parent=5"}],"curies":[{"name":"wp","href":"https:\/\/api.w.org\/{rel}","templated":true}]}}