{"id":172,"date":"2017-08-02T19:16:48","date_gmt":"2017-08-02T19:16:48","guid":{"rendered":"http:\/\/www.quimica.ufpr.br\/paginas\/ana-lordello\/?page_id=172"},"modified":"2017-11-30T16:42:56","modified_gmt":"2017-11-30T16:42:56","slug":"cq130","status":"publish","type":"page","link":"http:\/\/www.quimica.ufpr.br\/paginas\/ana-lordello\/cq130\/","title":{"rendered":"CQ130 &#8211; Espectrometria"},"content":{"rendered":"<p><a href=\"http:\/\/www.quimica.ufpr.br\/paginas\/ana-lordello\/wp-content\/uploads\/sites\/7\/2017\/08\/Cronograma-2017.2.pdf\">Cronograma 2017.2<\/a><\/p>\n<p><a href=\"http:\/\/www.quimica.ufpr.br\/paginas\/ana-lordello\/wp-content\/uploads\/sites\/7\/2017\/08\/aula-01-Introdu\u00e7\u00e3o-a-M\u00e9todos-Espectrosc\u00f3picos.pdf\">aula 01 &#8211; Introdu\u00e7\u00e3o a M\u00e9todos Espectrosc\u00f3picos<\/a><\/p>\n<p><a href=\"http:\/\/www.quimica.ufpr.br\/paginas\/ana-lordello\/wp-content\/uploads\/sites\/7\/2017\/08\/aula-02-IV.pdf\">aula 02 &#8211; Espectroscopia no IV<\/a><\/p>\n<p><a href=\"http:\/\/www.quimica.ufpr.br\/paginas\/ana-lordello\/wp-content\/uploads\/sites\/7\/2017\/08\/aula-03-IV-parte-II.ppt\">aula 03 &#8211; IV parte II<\/a><\/p>\n<p><a href=\"http:\/\/www.quimica.ufpr.br\/paginas\/ana-lordello\/wp-content\/uploads\/sites\/7\/2017\/08\/aula-04-e-05-RMN-de-Hidrog\u00eanio-2.pdf\">aula 04 e 05 &#8211; RMN de Hidrog\u00eanio<\/a><\/p>\n<p><a href=\"http:\/\/www.quimica.ufpr.br\/paginas\/ana-lordello\/wp-content\/uploads\/sites\/7\/2017\/08\/aula-06-RMN-de-carbono.pdf\">aula 06 &#8211; RMN de carbono<\/a><\/p>\n<p><a href=\"http:\/\/www.quimica.ufpr.br\/paginas\/ana-lordello\/wp-content\/uploads\/sites\/7\/2017\/08\/aula-07-Espectrometria-de-Massas.pdf\">aula 07 &#8211; Espectrometria de Massas<\/a><\/p>\n<p><a href=\"http:\/\/www.quimica.ufpr.br\/paginas\/ana-lordello\/wp-content\/uploads\/sites\/7\/2017\/08\/lista-IV-para-entregar.pdf\">lista IV para entregar<\/a> (do exerc\u00edcio 4 at\u00e9 11) no dia 01\/09\/17<\/p>\n<p><a href=\"http:\/\/www.quimica.ufpr.br\/paginas\/ana-lordello\/wp-content\/uploads\/sites\/7\/2017\/08\/lista-de-RMN-para-entregar.pdf\">lista de RMN para entregar<\/a> (at\u00e9 o exerc\u00edcio 10) no dia 29\/09\/17<\/p>\n<p><a href=\"http:\/\/www.quimica.ufpr.br\/paginas\/ana-lordello\/wp-content\/uploads\/sites\/7\/2017\/08\/Lista-RMN-1H-e-13C-para-entregar.pdf\">Lista RMN 1H e 13C para entregar<\/a> (at\u00e9 exerc\u00edcio 10) no dia 20\/10\/2017<\/p>\n<p><a href=\"http:\/\/www.quimica.ufpr.br\/paginas\/ana-lordello\/wp-content\/uploads\/sites\/7\/2017\/08\/lista-de-Massas-para-entregar.pdf\">lista de Massas para entregar<\/a> no dia 10\/11\/2017<\/p>\n<p><a href=\"http:\/\/www.quimica.ufpr.br\/paginas\/ana-lordello\/wp-content\/uploads\/sites\/7\/2017\/08\/lista-4-metodos-final.pdf\">lista 4 metodos final (entregar 10 exercicios) dia 17\/11\/2017<\/a><\/p>\n<p><a href=\"http:\/\/www.quimica.ufpr.br\/paginas\/ana-lordello\/wp-content\/uploads\/sites\/7\/2017\/08\/tabela-IR.pdf\">tabela IR<\/a><\/p>\n<p><a href=\"http:\/\/www.quimica.ufpr.br\/paginas\/ana-lordello\/wp-content\/uploads\/sites\/7\/2017\/08\/tabelas-para-prova.pdf\">tabelas para prova<\/a><\/p>\n<p><a href=\"http:\/\/www.quimica.ufpr.br\/paginas\/ana-lordello\/wp-content\/uploads\/sites\/7\/2017\/08\/Notas-CQ130-para-divulgar.docx\">Notas CQ130 para divulgar<\/a><\/p>\n<p><a href=\"http:\/\/www.quimica.ufpr.br\/paginas\/ana-lordello\/wp-content\/uploads\/sites\/7\/2017\/08\/Notas-CQ130-2017.2.pdf\">Notas CQ130 2017.2<\/a><\/p>\n<p>&nbsp;<\/p>\n","protected":false},"excerpt":{"rendered":"<p>Cronograma 2017.2 aula 01 &#8211; Introdu\u00e7\u00e3o a M\u00e9todos Espectrosc\u00f3picos aula 02 &#8211; Espectroscopia no IV aula 03 &#8211; IV parte II aula 04 e 05 &#8211; RMN de Hidrog\u00eanio aula 06 &#8211; RMN de carbono aula 07 &#8211; Espectrometria de Massas lista IV para entregar (do exerc\u00edcio 4 at\u00e9 11) no dia 01\/09\/17 lista de [&hellip;]<\/p>\n","protected":false},"author":10,"featured_media":0,"parent":0,"menu_order":0,"comment_status":"closed","ping_status":"closed","template":"","meta":{"footnotes":""},"class_list":["post-172","page","type-page","status-publish","hentry","post"],"_links":{"self":[{"href":"http:\/\/www.quimica.ufpr.br\/paginas\/ana-lordello\/wp-json\/wp\/v2\/pages\/172","targetHints":{"allow":["GET"]}}],"collection":[{"href":"http:\/\/www.quimica.ufpr.br\/paginas\/ana-lordello\/wp-json\/wp\/v2\/pages"}],"about":[{"href":"http:\/\/www.quimica.ufpr.br\/paginas\/ana-lordello\/wp-json\/wp\/v2\/types\/page"}],"author":[{"embeddable":true,"href":"http:\/\/www.quimica.ufpr.br\/paginas\/ana-lordello\/wp-json\/wp\/v2\/users\/10"}],"replies":[{"embeddable":true,"href":"http:\/\/www.quimica.ufpr.br\/paginas\/ana-lordello\/wp-json\/wp\/v2\/comments?post=172"}],"version-history":[{"count":21,"href":"http:\/\/www.quimica.ufpr.br\/paginas\/ana-lordello\/wp-json\/wp\/v2\/pages\/172\/revisions"}],"predecessor-version":[{"id":223,"href":"http:\/\/www.quimica.ufpr.br\/paginas\/ana-lordello\/wp-json\/wp\/v2\/pages\/172\/revisions\/223"}],"wp:attachment":[{"href":"http:\/\/www.quimica.ufpr.br\/paginas\/ana-lordello\/wp-json\/wp\/v2\/media?parent=172"}],"curies":[{"name":"wp","href":"https:\/\/api.w.org\/{rel}","templated":true}]}}